{"id":33,"date":"2022-11-24T08:27:02","date_gmt":"2022-11-24T08:27:02","guid":{"rendered":"https:\/\/arkitekti-im.com\/?page_id=33"},"modified":"2023-01-06T10:50:43","modified_gmt":"2023-01-06T10:50:43","slug":"rreth-nesh","status":"publish","type":"page","link":"https:\/\/arkitekti-im.com\/sq\/rreth-nesh\/","title":{"rendered":"Rreth Nesh"},"content":{"rendered":"\t\t<div data-elementor-type=\"wp-page\" data-elementor-id=\"33\" class=\"elementor elementor-33\" data-elementor-post-type=\"page\">\n\t\t\t\t\t\t<section class=\"elementor-section elementor-top-section elementor-element elementor-element-5153c56 elementor-section-full_width elementor-section-height-min-height elementor-section-height-default elementor-section-items-middle\" data-id=\"5153c56\" data-element_type=\"section\" data-e-type=\"section\" data-settings=\"{&quot;jet_parallax_layout_list&quot;:[],&quot;background_background&quot;:&quot;classic&quot;}\">\n\t\t\t\t\t\t<div class=\"elementor-container elementor-column-gap-default\">\n\t\t\t\t\t<div class=\"elementor-column elementor-col-100 elementor-top-column elementor-element elementor-element-6b9f314 animated-slow elementor-invisible\" data-id=\"6b9f314\" data-element_type=\"column\" data-e-type=\"column\" data-settings=\"{&quot;background_background&quot;:&quot;classic&quot;,&quot;animation&quot;:&quot;fadeIn&quot;}\">\n\t\t\t<div class=\"elementor-widget-wrap elementor-element-populated\">\n\t\t\t\t\t\t<section class=\"elementor-section elementor-inner-section elementor-element elementor-element-7d05d28 elementor-section-height-min-height elementor-section-boxed elementor-section-height-default\" data-id=\"7d05d28\" data-element_type=\"section\" data-e-type=\"section\" data-settings=\"{&quot;jet_parallax_layout_list&quot;:[]}\">\n\t\t\t\t\t\t<div class=\"elementor-container elementor-column-gap-default\">\n\t\t\t\t\t<div class=\"elementor-column elementor-col-100 elementor-inner-column elementor-element elementor-element-d945c99\" data-id=\"d945c99\" data-element_type=\"column\" data-e-type=\"column\">\n\t\t\t<div class=\"elementor-widget-wrap\">\n\t\t\t\t\t\t\t<\/div>\n\t\t<\/div>\n\t\t\t\t\t<\/div>\n\t\t<\/section>\n\t\t\t\t\t<\/div>\n\t\t<\/div>\n\t\t\t\t\t<\/div>\n\t\t<\/section>\n\t\t\t\t<section class=\"elementor-section elementor-top-section elementor-element elementor-element-5ee78b8 elementor-section-full_width elementor-section-height-default elementor-section-height-default\" data-id=\"5ee78b8\" data-element_type=\"section\" data-e-type=\"section\" data-settings=\"{&quot;jet_parallax_layout_list&quot;:[]}\">\n\t\t\t\t\t\t<div class=\"elementor-container elementor-column-gap-default\">\n\t\t\t\t\t<div class=\"elementor-column elementor-col-100 elementor-top-column elementor-element elementor-element-e3b4b43\" data-id=\"e3b4b43\" data-element_type=\"column\" data-e-type=\"column\">\n\t\t\t<div class=\"elementor-widget-wrap elementor-element-populated\">\n\t\t\t\t\t\t<section class=\"elementor-section elementor-inner-section elementor-element elementor-element-f46b269 elementor-section-boxed elementor-section-height-default elementor-section-height-default\" data-id=\"f46b269\" data-element_type=\"section\" data-e-type=\"section\" data-settings=\"{&quot;jet_parallax_layout_list&quot;:[]}\">\n\t\t\t\t\t\t<div class=\"elementor-container elementor-column-gap-default\">\n\t\t\t\t\t<div class=\"elementor-column elementor-col-25 elementor-inner-column elementor-element elementor-element-a95f2f7\" data-id=\"a95f2f7\" data-element_type=\"column\" data-e-type=\"column\">\n\t\t\t<div class=\"elementor-widget-wrap elementor-element-populated\">\n\t\t\t\t\t\t<div class=\"elementor-element elementor-element-3d4b64c animated-slow elementor-invisible elementor-widget elementor-widget-heading\" data-id=\"3d4b64c\" data-element_type=\"widget\" data-e-type=\"widget\" data-settings=\"{&quot;_animation&quot;:&quot;fadeInUp&quot;}\" data-widget_type=\"heading.default\">\n\t\t\t\t<div class=\"elementor-widget-container\">\n\t\t\t\t\t<h2 class=\"elementor-heading-title elementor-size-default\">rreth nesh<\/h2>\t\t\t\t<\/div>\n\t\t\t\t<\/div>\n\t\t\t\t\t<\/div>\n\t\t<\/div>\n\t\t\t\t<div class=\"elementor-column elementor-col-25 elementor-inner-column elementor-element elementor-element-dd50b69\" data-id=\"dd50b69\" data-element_type=\"column\" data-e-type=\"column\">\n\t\t\t<div class=\"elementor-widget-wrap elementor-element-populated\">\n\t\t\t\t\t\t<div class=\"elementor-element elementor-element-08cd753 animated-slow elementor-invisible elementor-widget elementor-widget-text-editor\" data-id=\"08cd753\" data-element_type=\"widget\" data-e-type=\"widget\" data-settings=\"{&quot;_animation&quot;:&quot;fadeInUp&quot;}\" data-widget_type=\"text-editor.default\">\n\t\t\t\t<div class=\"elementor-widget-container\">\n\t\t\t\t\t\t\t\t\t<p><span style=\"font-style: inherit; font-weight: inherit; color: var( --e-global-color-secondary ); background-color: var( --e-global-color-d1223c6 );\">Klienti, q\u00eb n\u00eb fazat e para, ka informacionin e sakt\u00eb dhe t\u00eb plot\u00eb lidhur me dizenjon, afatet kohore, kostot totale t\u00eb investimit dhe \u00e7do t\u00eb dh\u00ebn\u00eb tjet\u00ebr. Cdo detaj i shtuar n\u00eb dizanj, b\u00ebhet mbi baz\u00ebn preferenciale t\u00eb klientit.<\/span><br><\/p>\t\t\t\t\t\t\t\t<\/div>\n\t\t\t\t<\/div>\n\t\t\t\t\t<\/div>\n\t\t<\/div>\n\t\t\t\t<div class=\"elementor-column elementor-col-25 elementor-inner-column elementor-element elementor-element-4262b9e\" data-id=\"4262b9e\" data-element_type=\"column\" data-e-type=\"column\">\n\t\t\t<div class=\"elementor-widget-wrap\">\n\t\t\t\t\t\t\t<\/div>\n\t\t<\/div>\n\t\t\t\t<div class=\"elementor-column elementor-col-25 elementor-inner-column elementor-element elementor-element-e425955\" data-id=\"e425955\" data-element_type=\"column\" data-e-type=\"column\">\n\t\t\t<div class=\"elementor-widget-wrap elementor-element-populated\">\n\t\t\t\t\t\t<div class=\"elementor-element elementor-element-8bb2065 animated-slow elementor-invisible elementor-widget elementor-widget-text-editor\" data-id=\"8bb2065\" data-element_type=\"widget\" data-e-type=\"widget\" data-settings=\"{&quot;_animation&quot;:&quot;fadeInUp&quot;}\" data-widget_type=\"text-editor.default\">\n\t\t\t\t<div class=\"elementor-widget-container\">\n\t\t\t\t\t\t\t\t\t<p>P\u00ebrsa i p\u00ebrket dizenjimit, stilit, ngjyrave, volumeve, funksioneve, cil\u00ebsive t\u00eb materialeve, raportit cmim-cil\u00ebsi, besojm\u00eb q\u00eb kemi akumuluar <a href=\"https:\/\/www.facebook.com\/arkitekti.im\/\" target=\"_blank\" rel=\"noopener\">eksperienc\u00eb <\/a>t\u00eb mir\u00eb dhe vazhdojm\u00eb t\u00eb eksplorojm\u00eb zgjidhje bashk\u00ebkohore.<\/p><p>N\u00eb fund t\u00eb fundit, je <strong>TI<\/strong> ai q\u00eb vendos. Ne jemi k\u00ebtu p\u00ebr t\u00eb asistuar dhe p\u00ebr t\u00eb ofruar sh\u00ebrbimin maksimal n\u00ebse zgjedh t\u00eb b\u00ebhesh pjes\u00eb e nj\u00eb eksperience unike me skuadr\u00ebn ton\u00eb t\u00eb profesionist\u00ebve.<\/p>\t\t\t\t\t\t\t\t<\/div>\n\t\t\t\t<\/div>\n\t\t\t\t\t<\/div>\n\t\t<\/div>\n\t\t\t\t\t<\/div>\n\t\t<\/section>\n\t\t\t\t\t<\/div>\n\t\t<\/div>\n\t\t\t\t\t<\/div>\n\t\t<\/section>\n\t\t\t\t<section class=\"elementor-section elementor-top-section elementor-element elementor-element-641a99d elementor-section-full_width elementor-section-height-default elementor-section-height-default\" data-id=\"641a99d\" data-element_type=\"section\" data-e-type=\"section\" data-settings=\"{&quot;jet_parallax_layout_list&quot;:[]}\">\n\t\t\t\t\t\t<div class=\"elementor-container elementor-column-gap-default\">\n\t\t\t\t\t<div class=\"elementor-column elementor-col-100 elementor-top-column elementor-element elementor-element-e6a3ece\" data-id=\"e6a3ece\" data-element_type=\"column\" data-e-type=\"column\">\n\t\t\t<div class=\"elementor-widget-wrap elementor-element-populated\">\n\t\t\t\t\t\t<section class=\"elementor-section elementor-inner-section elementor-element elementor-element-157ecf2 elementor-section-height-min-height elementor-section-boxed elementor-section-height-default\" data-id=\"157ecf2\" data-element_type=\"section\" data-e-type=\"section\" data-settings=\"{&quot;jet_parallax_layout_list&quot;:[]}\">\n\t\t\t\t\t\t<div class=\"elementor-container elementor-column-gap-default\">\n\t\t\t\t\t<div class=\"elementor-column elementor-col-20 elementor-inner-column elementor-element elementor-element-65ca9e9\" data-id=\"65ca9e9\" data-element_type=\"column\" data-e-type=\"column\">\n\t\t\t<div class=\"elementor-widget-wrap elementor-element-populated\">\n\t\t\t\t\t\t<div class=\"elementor-element elementor-element-1ba5687 animated-slow elementor-hidden-desktop elementor-hidden-tablet elementor-invisible elementor-widget elementor-widget-heading\" data-id=\"1ba5687\" data-element_type=\"widget\" data-e-type=\"widget\" data-settings=\"{&quot;_animation&quot;:&quot;fadeInUp&quot;}\" data-widget_type=\"heading.default\">\n\t\t\t\t<div class=\"elementor-widget-container\">\n\t\t\t\t\t<h2 class=\"elementor-heading-title elementor-size-default\">kultura jon\u00eb<\/h2>\t\t\t\t<\/div>\n\t\t\t\t<\/div>\n\t\t\t\t<div class=\"elementor-element elementor-element-f6db53e animated-slow elementor-invisible elementor-widget elementor-widget-image\" data-id=\"f6db53e\" data-element_type=\"widget\" data-e-type=\"widget\" data-settings=\"{&quot;_animation&quot;:&quot;fadeIn&quot;}\" data-widget_type=\"image.default\">\n\t\t\t\t<div class=\"elementor-widget-container\">\n\t\t\t\t\t\t\t\t\t\t\t\t\t\t\t<img fetchpriority=\"high\" decoding=\"async\" width=\"500\" height=\"500\" src=\"https:\/\/arkitekti-im.com\/wp-content\/uploads\/2022\/12\/pexels-yan-krukov-8837261-scaled-1.webp\" class=\"attachment-full size-full wp-image-2129\" alt=\"\" srcset=\"https:\/\/arkitekti-im.com\/wp-content\/uploads\/2022\/12\/pexels-yan-krukov-8837261-scaled-1.webp 500w, https:\/\/arkitekti-im.com\/wp-content\/uploads\/2022\/12\/pexels-yan-krukov-8837261-scaled-1-300x300.webp 300w, https:\/\/arkitekti-im.com\/wp-content\/uploads\/2022\/12\/pexels-yan-krukov-8837261-scaled-1-150x150.webp 150w, https:\/\/arkitekti-im.com\/wp-content\/uploads\/2022\/12\/pexels-yan-krukov-8837261-scaled-1-12x12.webp 12w\" sizes=\"(max-width: 500px) 100vw, 500px\" \/>\t\t\t\t\t\t\t\t\t\t\t\t\t\t\t<\/div>\n\t\t\t\t<\/div>\n\t\t\t\t\t<\/div>\n\t\t<\/div>\n\t\t\t\t<div class=\"elementor-column elementor-col-20 elementor-inner-column elementor-element elementor-element-9c94cca\" data-id=\"9c94cca\" data-element_type=\"column\" data-e-type=\"column\">\n\t\t\t<div class=\"elementor-widget-wrap\">\n\t\t\t\t\t\t\t<\/div>\n\t\t<\/div>\n\t\t\t\t<div class=\"elementor-column elementor-col-20 elementor-inner-column elementor-element elementor-element-bc526e1\" data-id=\"bc526e1\" data-element_type=\"column\" data-e-type=\"column\">\n\t\t\t<div class=\"elementor-widget-wrap elementor-element-populated\">\n\t\t\t\t\t\t<div class=\"elementor-element elementor-element-1ac08a1 animated-slow elementor-invisible elementor-widget elementor-widget-text-editor\" data-id=\"1ac08a1\" data-element_type=\"widget\" data-e-type=\"widget\" data-settings=\"{&quot;_animation&quot;:&quot;fadeInUp&quot;}\" data-widget_type=\"text-editor.default\">\n\t\t\t\t<div class=\"elementor-widget-container\">\n\t\t\t\t\t\t\t\t\t<p>Nj\u00eb nga parimet baz\u00eb mbi t\u00eb cil\u00ebn ngrihet puna jon\u00eb, \u00ebsht\u00eb vendosja e t\u00eb gjitha njohurive, eksperienc\u00ebn dhe krijimtarin\u00eb n\u00eb t\u00eb gjitha realizimet tona. Cdo projekt \u00ebsht\u00eb unik dhe si i till\u00eb meriton t\u00eb trajtohet, duke i dh\u00ebn\u00eb v\u00ebmendjen maksimale dhe detajeve m\u00eb minimaliste.<\/p><p>Realizimet dhe krijimet, p\u00ebrvecse bazohen n\u00eb njohurit\u00eb tona, zhvillohen gjithashtu n\u00eb baz\u00eb t\u00eb preferencave dhe pritshm\u00ebrive q\u00eb klient\u00ebt tan\u00eb kan\u00eb. Duke shtuar dhe kombinuar t\u00eb gjitha pjes\u00ebt e dizanjit dhe duke i bazuar n\u00eb preferencat e klientit, ne arrijm\u00eb at\u00eb q\u00eb quhet, produkt final.<\/p><p>\u00a0<\/p>\t\t\t\t\t\t\t\t<\/div>\n\t\t\t\t<\/div>\n\t\t\t\t\t<\/div>\n\t\t<\/div>\n\t\t\t\t<div class=\"elementor-column elementor-col-20 elementor-inner-column elementor-element elementor-element-aa2b1da elementor-hidden-mobile\" data-id=\"aa2b1da\" data-element_type=\"column\" data-e-type=\"column\">\n\t\t\t<div class=\"elementor-widget-wrap\">\n\t\t\t\t\t\t\t<\/div>\n\t\t<\/div>\n\t\t\t\t<div class=\"elementor-column elementor-col-20 elementor-inner-column elementor-element elementor-element-3884839 elementor-hidden-mobile\" data-id=\"3884839\" data-element_type=\"column\" data-e-type=\"column\">\n\t\t\t<div class=\"elementor-widget-wrap elementor-element-populated\">\n\t\t\t\t\t\t<div class=\"elementor-element elementor-element-177a7a7 animated-slow elementor-invisible elementor-widget elementor-widget-heading\" data-id=\"177a7a7\" data-element_type=\"widget\" data-e-type=\"widget\" data-settings=\"{&quot;_animation&quot;:&quot;fadeInUp&quot;}\" data-widget_type=\"heading.default\">\n\t\t\t\t<div class=\"elementor-widget-container\">\n\t\t\t\t\t<h2 class=\"elementor-heading-title elementor-size-default\">kultura jon\u00eb<\/h2>\t\t\t\t<\/div>\n\t\t\t\t<\/div>\n\t\t\t\t<div class=\"elementor-element elementor-element-af0da16 animated-slow elementor-invisible elementor-widget elementor-widget-text-editor\" data-id=\"af0da16\" data-element_type=\"widget\" data-e-type=\"widget\" data-settings=\"{&quot;_animation&quot;:&quot;fadeInUp&quot;}\" data-widget_type=\"text-editor.default\">\n\t\t\t\t<div class=\"elementor-widget-container\">\n\t\t\t\t\t\t\t\t\t<p>Baza e cdo projekti \u00ebsht\u00eb ambienti ku krijohet dhe detaji m\u00eb i vog\u00ebl, studio Arkitekti Im. P\u00ebr k\u00ebt\u00eb arsye, ne kemi krijuar nj\u00eb kultur\u00eb pune, e cila bazohet n\u00eb nj\u00eb ambient shum\u00eb pozitiv dhe energjik. K\u00ebto detaje b\u00ebjn\u00eb q\u00eb stafi jon\u00eb t\u00eb jet\u00eb i motivuar dhe i gatsh\u00ebm p\u00ebr t\u00eb dh\u00ebn\u00eb m\u00eb t\u00eb mir\u00ebn n\u00eb cdo projekt.<\/p><p>N\u00eb momentin q\u00eb zgjidhni t\u00eb punoni me ne, ju b\u00ebheni pjese e historis\u00eb s\u00eb Arkitekti Im.<\/p>\t\t\t\t\t\t\t\t<\/div>\n\t\t\t\t<\/div>\n\t\t\t\t\t<\/div>\n\t\t<\/div>\n\t\t\t\t\t<\/div>\n\t\t<\/section>\n\t\t\t\t\t<\/div>\n\t\t<\/div>\n\t\t\t\t\t<\/div>\n\t\t<\/section>\n\t\t\t\t<section class=\"elementor-section elementor-top-section elementor-element elementor-element-c94bad4 elementor-section-full_width elementor-section-height-default elementor-section-height-default\" data-id=\"c94bad4\" data-element_type=\"section\" data-e-type=\"section\" data-settings=\"{&quot;jet_parallax_layout_list&quot;:[]}\">\n\t\t\t\t\t\t<div class=\"elementor-container elementor-column-gap-default\">\n\t\t\t\t\t<div class=\"elementor-column elementor-col-100 elementor-top-column elementor-element elementor-element-28f4c22\" data-id=\"28f4c22\" data-element_type=\"column\" data-e-type=\"column\">\n\t\t\t<div class=\"elementor-widget-wrap elementor-element-populated\">\n\t\t\t\t\t\t<section class=\"elementor-section elementor-inner-section elementor-element elementor-element-ea321a1 elementor-section-boxed elementor-section-height-default elementor-section-height-default\" data-id=\"ea321a1\" data-element_type=\"section\" data-e-type=\"section\" data-settings=\"{&quot;jet_parallax_layout_list&quot;:[]}\">\n\t\t\t\t\t\t<div class=\"elementor-container elementor-column-gap-default\">\n\t\t\t\t\t<div class=\"elementor-column elementor-col-50 elementor-inner-column elementor-element elementor-element-5177c2b\" data-id=\"5177c2b\" data-element_type=\"column\" data-e-type=\"column\">\n\t\t\t<div class=\"elementor-widget-wrap elementor-element-populated\">\n\t\t\t\t\t\t<div class=\"elementor-element elementor-element-16c2887 animated-slow elementor-invisible elementor-widget elementor-widget-heading\" data-id=\"16c2887\" data-element_type=\"widget\" data-e-type=\"widget\" data-settings=\"{&quot;_animation&quot;:&quot;fadeInUp&quot;}\" data-widget_type=\"heading.default\">\n\t\t\t\t<div class=\"elementor-widget-container\">\n\t\t\t\t\t<h2 class=\"elementor-heading-title elementor-size-default\">stafi i \"arkitekti-im\"<\/h2>\t\t\t\t<\/div>\n\t\t\t\t<\/div>\n\t\t\t\t\t<\/div>\n\t\t<\/div>\n\t\t\t\t<div class=\"elementor-column elementor-col-50 elementor-inner-column elementor-element elementor-element-3c98cdf\" data-id=\"3c98cdf\" data-element_type=\"column\" data-e-type=\"column\">\n\t\t\t<div class=\"elementor-widget-wrap elementor-element-populated\">\n\t\t\t\t\t\t<div class=\"elementor-element elementor-element-f651f84 animated-slow elementor-invisible elementor-widget elementor-widget-text-editor\" data-id=\"f651f84\" data-element_type=\"widget\" data-e-type=\"widget\" data-settings=\"{&quot;_animation&quot;:&quot;fadeInUp&quot;}\" data-widget_type=\"text-editor.default\">\n\t\t\t\t<div class=\"elementor-widget-container\">\n\t\t\t\t\t\t\t\t\t<p>Stafi jon\u00eb \u00ebsht\u00eb i p\u00ebrb\u00ebr\u00eb nga profesionist\u00eb dhe persona energjik, t\u00eb talentuar dhe t\u00eb specializuar n\u00eb fush\u00ebn e dizanjit, krijimtaris\u00eb dhe ofrimit t\u00eb nj\u00eb sh\u00ebrbimi cil\u00ebsor n\u00eb fush\u00ebn e arkitektur\u00ebs. Ajo q\u00eb na b\u00ebn neve t\u00eb jemi zgjedhja e par\u00eb p\u00ebr klient\u00ebt tan\u00eb, \u00ebsht\u00eb gadishm\u00ebria p\u00ebr t\u00eb dh\u00ebn\u00eb zgjidhje edhe p\u00ebr detajet m\u00eb minimaliste dhe p\u00ebrshtatja e pun\u00ebs me preferencat dhe zgjedhjet e klientit. K\u00ebrkesat e shumta kan\u00eb b\u00ebr\u00eb q\u00eb stafi jon\u00eb t\u00eb sjell\u00eb gjithmon\u00eb inovacione dhe ide t\u00eb reja, duke ju p\u00ebrshtatur trendeve m\u00eb t\u00eb fundit n\u00eb fush\u00ebn e dizanjit. Nj\u00eb projekt cil\u00ebsohet i p\u00ebrfunduar, kur klienti e cil\u00ebson si t\u00eb till\u00eb.<\/p>\t\t\t\t\t\t\t\t<\/div>\n\t\t\t\t<\/div>\n\t\t\t\t\t<\/div>\n\t\t<\/div>\n\t\t\t\t\t<\/div>\n\t\t<\/section>\n\t\t\t\t\t<\/div>\n\t\t<\/div>\n\t\t\t\t\t<\/div>\n\t\t<\/section>\n\t\t\t\t<\/div>\n\t\t","protected":false},"excerpt":{"rendered":"<p>rreth nesh Klienti, q\u00eb n\u00eb fazat e para, ka informacionin e sakt\u00eb dhe t\u00eb plot\u00eb lidhur me dizenjon, afatet kohore, kostot totale t\u00eb investimit dhe \u00e7do t\u00eb dh\u00ebn\u00eb tjet\u00ebr. Cdo detaj i shtuar n\u00eb dizanj, b\u00ebhet mbi baz\u00ebn preferenciale t\u00eb klientit. P\u00ebrsa i p\u00ebrket dizenjimit, stilit, ngjyrave, volumeve, funksioneve, cil\u00ebsive t\u00eb materialeve, raportit cmim-cil\u00ebsi, besojm\u00eb &hellip;<\/p>\n<p class=\"read-more\"> <a class=\"\" href=\"https:\/\/arkitekti-im.com\/sq\/rreth-nesh\/\"> <span class=\"screen-reader-text\">Rreth Nesh<\/span> Read More &raquo;<\/a><\/p>\n","protected":false},"author":1,"featured_media":0,"parent":0,"menu_order":0,"comment_status":"closed","ping_status":"closed","template":"","meta":{"site-sidebar-layout":"no-sidebar","site-content-layout":"page-builder","ast-global-header-display":"","ast-main-header-display":"","ast-hfb-above-header-display":"","ast-hfb-below-header-display":"","ast-hfb-mobile-header-display":"","site-post-title":"disabled","ast-breadcrumbs-content":"","ast-featured-img":"disabled","footer-sml-layout":"","theme-transparent-header-meta":"","adv-header-id-meta":"","stick-header-meta":"","header-above-stick-meta":"","header-main-stick-meta":"","header-below-stick-meta":"","_jet_sm_ready_style":"","_jet_sm_style":"","_jet_sm_controls_values":"","_jet_sm_fonts_collection":"","_jet_sm_fonts_links":"","footnotes":""},"class_list":["post-33","page","type-page","status-publish","hentry"],"_links":{"self":[{"href":"https:\/\/arkitekti-im.com\/sq\/wp-json\/wp\/v2\/pages\/33","targetHints":{"allow":["GET"]}}],"collection":[{"href":"https:\/\/arkitekti-im.com\/sq\/wp-json\/wp\/v2\/pages"}],"about":[{"href":"https:\/\/arkitekti-im.com\/sq\/wp-json\/wp\/v2\/types\/page"}],"author":[{"embeddable":true,"href":"https:\/\/arkitekti-im.com\/sq\/wp-json\/wp\/v2\/users\/1"}],"replies":[{"embeddable":true,"href":"https:\/\/arkitekti-im.com\/sq\/wp-json\/wp\/v2\/comments?post=33"}],"version-history":[{"count":13,"href":"https:\/\/arkitekti-im.com\/sq\/wp-json\/wp\/v2\/pages\/33\/revisions"}],"predecessor-version":[{"id":2681,"href":"https:\/\/arkitekti-im.com\/sq\/wp-json\/wp\/v2\/pages\/33\/revisions\/2681"}],"wp:attachment":[{"href":"https:\/\/arkitekti-im.com\/sq\/wp-json\/wp\/v2\/media?parent=33"}],"curies":[{"name":"wp","href":"https:\/\/api.w.org\/{rel}","templated":true}]}}