{"id":171,"date":"2022-11-24T12:27:44","date_gmt":"2022-11-24T12:27:44","guid":{"rendered":"https:\/\/arkitekti-im.com\/?page_id=171"},"modified":"2022-12-17T13:43:11","modified_gmt":"2022-12-17T13:43:11","slug":"imprint","status":"publish","type":"page","link":"https:\/\/arkitekti-im.com\/sq\/imprint\/","title":{"rendered":"Imprint"},"content":{"rendered":"\t\t<div data-elementor-type=\"wp-page\" data-elementor-id=\"171\" class=\"elementor elementor-171\" data-elementor-post-type=\"page\">\n\t\t\t\t\t\t<section class=\"elementor-section elementor-top-section elementor-element elementor-element-72d0310f elementor-section-full_width elementor-section-height-default elementor-section-height-default\" data-id=\"72d0310f\" data-element_type=\"section\" data-e-type=\"section\" data-settings=\"{&quot;jet_parallax_layout_list&quot;:[]}\">\n\t\t\t\t\t\t<div class=\"elementor-container elementor-column-gap-default\">\n\t\t\t\t\t<div class=\"elementor-column elementor-col-100 elementor-top-column elementor-element elementor-element-6774a748\" data-id=\"6774a748\" data-element_type=\"column\" data-e-type=\"column\">\n\t\t\t<div class=\"elementor-widget-wrap elementor-element-populated\">\n\t\t\t\t\t\t<section class=\"elementor-section elementor-inner-section elementor-element elementor-element-642cd4e2 elementor-section-boxed elementor-section-height-default elementor-section-height-default\" data-id=\"642cd4e2\" data-element_type=\"section\" data-e-type=\"section\" data-settings=\"{&quot;jet_parallax_layout_list&quot;:[]}\">\n\t\t\t\t\t\t<div class=\"elementor-container elementor-column-gap-default\">\n\t\t\t\t\t<div class=\"elementor-column elementor-col-100 elementor-inner-column elementor-element elementor-element-3a0fe04f\" data-id=\"3a0fe04f\" data-element_type=\"column\" data-e-type=\"column\">\n\t\t\t<div class=\"elementor-widget-wrap elementor-element-populated\">\n\t\t\t\t\t\t<div class=\"elementor-element elementor-element-124e5573 elementor-widget elementor-widget-heading\" data-id=\"124e5573\" data-element_type=\"widget\" data-e-type=\"widget\" data-widget_type=\"heading.default\">\n\t\t\t\t<div class=\"elementor-widget-container\">\n\t\t\t\t\t<h2 class=\"elementor-heading-title elementor-size-default\">Imprint p\u00ebr Arkitekti Im<\/h2>\t\t\t\t<\/div>\n\t\t\t\t<\/div>\n\t\t\t\t<div class=\"elementor-element elementor-element-1a5db4f0 elementor-widget elementor-widget-heading\" data-id=\"1a5db4f0\" data-element_type=\"widget\" data-e-type=\"widget\" data-widget_type=\"heading.default\">\n\t\t\t\t<div class=\"elementor-widget-container\">\n\t\t\t\t\t<h3 class=\"elementor-heading-title elementor-size-default\">Informacion<\/h3>\t\t\t\t<\/div>\n\t\t\t\t<\/div>\n\t\t\t\t<div class=\"elementor-element elementor-element-7e00cdc elementor-widget elementor-widget-text-editor\" data-id=\"7e00cdc\" data-element_type=\"widget\" data-e-type=\"widget\" data-widget_type=\"text-editor.default\">\n\t\t\t\t<div class=\"elementor-widget-container\">\n\t\t\t\t\t\t\t\t\t<p><span style=\"font-style: inherit; font-weight: inherit; color: var( --e-global-color-secondary ); background-color: var( --e-global-color-d1223c6 );\">Adresa:\u00a0<\/span><a style=\"font-style: inherit; font-weight: inherit;\" href=\"https:\/\/goo.gl\/maps\/PeupyQ9JNk3N4Rd26\" target=\"_blank\" rel=\"noopener\">Rruga Ismail Qemali 30, Tiran\u00eb<\/a><\/p><p><span style=\"font-style: inherit; font-weight: inherit; color: var( --e-global-color-secondary ); background-color: var( --e-global-color-d1223c6 );\">Kodi Postar:\u00a0<\/span><span style=\"font-style: inherit; font-weight: inherit; color: var( --e-global-color-secondary ); background-color: var( --e-global-color-d1223c6 );\">10001<\/span><\/p><p><span style=\"font-style: inherit; font-weight: inherit; color: var( --e-global-color-secondary ); background-color: var( --e-global-color-d1223c6 );\">Telefoni:\u00a0<\/span><span style=\"font-style: inherit; font-weight: inherit; color: var( --e-global-color-secondary ); background-color: var( --e-global-color-d1223c6 );\">+355 69 40 12132<\/span><\/p><p><span style=\"font-style: inherit; font-weight: inherit; color: var( --e-global-color-secondary ); background-color: var( --e-global-color-d1223c6 );\">E-mail:\u00a0<\/span><span style=\"font-style: inherit; font-weight: inherit; color: var( --e-global-color-secondary ); background-color: var( --e-global-color-d1223c6 );\">info@arkitekti-im.com<\/span><\/p>\t\t\t\t\t\t\t\t<\/div>\n\t\t\t\t<\/div>\n\t\t\t\t<div class=\"elementor-element elementor-element-9c58af2 elementor-widget elementor-widget-heading\" data-id=\"9c58af2\" data-element_type=\"widget\" data-e-type=\"widget\" data-widget_type=\"heading.default\">\n\t\t\t\t<div class=\"elementor-widget-container\">\n\t\t\t\t\t<h3 class=\"elementor-heading-title elementor-size-default\">Mohim<\/h3>\t\t\t\t<\/div>\n\t\t\t\t<\/div>\n\t\t\t\t<div class=\"elementor-element elementor-element-21cd937f elementor-widget elementor-widget-text-editor\" data-id=\"21cd937f\" data-element_type=\"widget\" data-e-type=\"widget\" data-widget_type=\"text-editor.default\">\n\t\t\t\t<div class=\"elementor-widget-container\">\n\t\t\t\t\t\t\t\t\t<span style=\"text-decoration: underline;\">P\u00ebrgjegj\u00ebsia p\u00ebr p\u00ebrmbajtjen<\/span>\n<br> <br>\nE gjith\u00eb p\u00ebrmbajtja n\u00eb faqen ton\u00eb t\u00eb internetit \u00ebsht\u00eb krijuar me kujdesin m\u00eb t\u00eb madh dhe sipas njohurive tona. Megjithat\u00eb, ne nuk mund t\u00eb garantojm\u00eb q\u00eb p\u00ebrmbajtja \u00ebsht\u00eb e sakt\u00eb, e plot\u00eb ose e p\u00ebrdit\u00ebsuar. Si ofrues sh\u00ebrbimi, ne jemi p\u00ebrgjegj\u00ebs p\u00ebr p\u00ebrmbajtjen ton\u00eb n\u00eb k\u00ebto faqe sipas Seksionit 7, Paragrafi 1 i Aktit Gjerman t\u00eb Telemedias (TMG). Sipas \u00a7\u00a7 8 deri n\u00eb 10 TMG, megjithat\u00eb, ne si ofrues sh\u00ebrbimi nuk jemi t\u00eb detyruar t\u00eb monitorojm\u00eb informacionet e transmetuara ose t\u00eb ruajtura t\u00eb pal\u00ebve t\u00eb treta ose t\u00eb hetojm\u00eb rrethanat q\u00eb tregojn\u00eb aktivitet t\u00eb paligjsh\u00ebm. Detyrimet p\u00ebr t\u00eb hequr ose bllokuar p\u00ebrdorimin e informacionit sipas ligjeve t\u00eb p\u00ebrgjithshme mbeten t\u00eb paprekura.\n<br> <br>\nMegjithat\u00eb, p\u00ebrgjegj\u00ebsia n\u00eb k\u00ebt\u00eb drejtim \u00ebsht\u00eb e mundur vet\u00ebm nga momenti n\u00eb t\u00eb cilin merret dijenia p\u00ebr nj\u00eb shkelje specifike t\u00eb ligjit. Sapo t\u00eb marrim dijeni p\u00ebr shkeljet e m\u00ebsip\u00ebrme, do ta heqim menj\u00ebher\u00eb k\u00ebt\u00eb p\u00ebrmbajtje.\t\t\t\t\t\t\t\t<\/div>\n\t\t\t\t<\/div>\n\t\t\t\t<div class=\"elementor-element elementor-element-30b75961 elementor-widget elementor-widget-text-editor\" data-id=\"30b75961\" data-element_type=\"widget\" data-e-type=\"widget\" data-widget_type=\"text-editor.default\">\n\t\t\t\t<div class=\"elementor-widget-container\">\n\t\t\t\t\t\t\t\t\t<span style=\"text-decoration: underline;\">Kufizimi i p\u00ebrgjegj\u00ebsis\u00eb p\u00ebr lidhjet e jashtme<\/span>\n<br> <br>\nFaqja jon\u00eb e internetit p\u00ebrmban lidhje me uebsajte t\u00eb jashtme t\u00eb pal\u00ebve t\u00eb treta. Ne nuk kemi asnj\u00eb ndikim n\u00eb p\u00ebrmbajtjen e k\u00ebtyre faqeve t\u00eb internetit t\u00eb lidhura drejtp\u00ebrdrejt ose t\u00ebrthorazi. P\u00ebr k\u00ebt\u00eb arsye, ne nuk mund t\u00eb marrim asnj\u00eb p\u00ebrgjegj\u00ebsi p\u00ebr korrekt\u00ebsin\u00eb e p\u00ebrmbajtjes s\u00eb &#8220;lidhjeve t\u00eb jashtme&#8221;. Ofruesit ose operator\u00ebt (autor\u00ebt) p\u00ebrkat\u00ebs t\u00eb faqeve jan\u00eb p\u00ebrgjegj\u00ebs p\u00ebr p\u00ebrmbajtjen e lidhjeve t\u00eb jashtme.\n<br> <br>\nLidhjet e jashtme u kontrolluan p\u00ebr shkelje t\u00eb mundshme ligjore n\u00eb koh\u00ebn e vendosjes s\u00eb lidhjes dhe ishin pa p\u00ebrmbajtje t\u00eb paligjshme n\u00eb koh\u00ebn kur u vendos lidhja. Nj\u00eb rishikim i vazhduesh\u00ebm i p\u00ebrmbajtjes s\u00eb lidhjeve t\u00eb jashtme nuk \u00ebsht\u00eb i mundur pa prova konkrete t\u00eb nj\u00eb shkeljeje. N\u00eb rastin e lidhjeve t\u00eb drejtp\u00ebrdrejta ose t\u00eb t\u00ebrthorta me faqet e internetit t\u00eb pal\u00ebve t\u00eb treta q\u00eb jan\u00eb jasht\u00eb fush\u00ebs son\u00eb t\u00eb p\u00ebrgjegj\u00ebsis\u00eb, p\u00ebrgjegj\u00ebsia do t\u00eb ekzistonte vet\u00ebm n\u00ebse do t\u00eb b\u00ebheshim n\u00eb dijeni p\u00ebr p\u00ebrmbajtjen dhe ishte teknikisht e mundur dhe e arsyeshme q\u00eb ne t\u00eb parandalonim p\u00ebrdorimin n\u00eb rast t\u00eb p\u00ebrmbajtje t\u00eb paligjshme.\n<br> <br>\nKy mohim i p\u00ebrgjegj\u00ebsis\u00eb zbatohet gjithashtu p\u00ebr lidhjet dhe referencat e vendosura nga pyet\u00ebsit, postimet n\u00eb blog dhe t\u00eb ftuarit e forumit t\u00eb diskutimit n\u00eb faqen ton\u00eb t\u00eb internetit &#8220;emri i domenit tuaj&#8221;. Ofruesi i sh\u00ebrbimit t\u00eb faqes s\u00eb cil\u00ebs i \u00ebsht\u00eb referuar \u00ebsht\u00eb vet\u00ebm p\u00ebrgjegj\u00ebs p\u00ebr p\u00ebrmbajtje t\u00eb paligjshme, t\u00eb pasakta ose jo t\u00eb plota dhe n\u00eb ve\u00e7anti p\u00ebr d\u00ebmet q\u00eb vijn\u00eb nga p\u00ebrdorimi ose mosp\u00ebrdorimi i nj\u00eb informacioni t\u00eb till\u00eb, jo personi q\u00eb thjesht i referohet publikimit p\u00ebrkat\u00ebs n\u00ebp\u00ebrmjet lidhjeve. <br> <br> \nN\u00ebse marrim dijeni p\u00ebr ndonj\u00eb shkelje ligjore, ne do t\u00eb heqim menj\u00ebher\u00eb lidhjet e jashtme.\t\t\t\t\t\t\t\t<\/div>\n\t\t\t\t<\/div>\n\t\t\t\t<div class=\"elementor-element elementor-element-6cd2d18a elementor-widget elementor-widget-text-editor\" data-id=\"6cd2d18a\" data-element_type=\"widget\" data-e-type=\"widget\" data-widget_type=\"text-editor.default\">\n\t\t\t\t<div class=\"elementor-widget-container\">\n\t\t\t\t\t\t\t\t\t<span style=\"text-decoration: underline;\">E drejta e autorit<\/span>\n<br> <br>\nP\u00ebrmbajtja dhe veprat e publikuara n\u00eb faqen ton\u00eb t\u00eb internetit i n\u00ebnshtrohen ligjit gjerman p\u00ebr t\u00eb drejt\u00ebn e autorit (<a href=\"http:\/\/www.gesetze-im-internet.de\/bundesrecht\/urhg\/gesamt.pdf\" target=\"_blank\" rel=\"noopener\">http:\/\/www.gesetze-im-internet.de\/bundesrecht\/urhg\/gesamt.pdf<\/a>). Dyfishimi, p\u00ebrpunimi, shp\u00ebrndarja dhe \u00e7do lloj shfryt\u00ebzimi i pron\u00ebsis\u00eb intelektuale n\u00eb k\u00ebndv\u00ebshtrimin ideal dhe material t\u00eb autorit jasht\u00eb kufijve t\u00eb s\u00eb drejt\u00ebs s\u00eb autorit k\u00ebrkon p\u00eblqimin paraprak me shkrim t\u00eb autorit p\u00ebrkat\u00ebs ligjin e t\u00eb drejt\u00ebs s\u00eb autorit iSd (<a href=\"http:\/\/www. gesetze-im-internet.de\/bundesrecht\/urhg\/gesamt.pdf\" target=\"_blank\" rel=\"noopener\">http:\/\/www. gesetze-im-internet.de\/bundesrecht\/urhg\/gesamt.pdf<\/a> ). Shkarkimet dhe kopjet e k\u00ebsaj faqeje lejohen vet\u00ebm p\u00ebr p\u00ebrdorim privat dhe jokomercial. N\u00ebse p\u00ebrmbajtja n\u00eb faqen ton\u00eb t\u00eb internetit nuk \u00ebsht\u00eb krijuar nga ne, t\u00eb drejtat e autorit t\u00eb pal\u00ebve t\u00eb treta duhet t\u00eb respektohen. P\u00ebrmbajtja e pal\u00ebve t\u00eb treta \u00ebsht\u00eb sh\u00ebnuar si e till\u00eb. N\u00ebse megjithat\u00eb viheni n\u00eb dijeni p\u00ebr nj\u00eb shkelje t\u00eb s\u00eb drejt\u00ebs s\u00eb autorit, ju k\u00ebrkojm\u00eb q\u00eb t\u00eb na informoni n\u00eb p\u00ebrputhje me rrethanat. Sapo t\u00eb marrim dijeni p\u00ebr shkelje ligjore, ne do ta heqim menj\u00ebher\u00eb k\u00ebt\u00eb p\u00ebrmbajtje.\t\t\t\t\t\t\t\t<\/div>\n\t\t\t\t<\/div>\n\t\t\t\t\t<\/div>\n\t\t<\/div>\n\t\t\t\t\t<\/div>\n\t\t<\/section>\n\t\t\t\t\t<\/div>\n\t\t<\/div>\n\t\t\t\t\t<\/div>\n\t\t<\/section>\n\t\t\t\t<\/div>\n\t\t","protected":false},"excerpt":{"rendered":"<p>Imprint p\u00ebr Arkitekti Im Informacion Adresa:\u00a0Rruga Ismail Qemali 30, Tiran\u00eb Kodi Postar:\u00a010001 Telefoni:\u00a0+355 69 40 12132 E-mail:\u00a0info@arkitekti-im.com Mohim P\u00ebrgjegj\u00ebsia p\u00ebr p\u00ebrmbajtjen E gjith\u00eb p\u00ebrmbajtja n\u00eb faqen ton\u00eb t\u00eb internetit \u00ebsht\u00eb krijuar me kujdesin m\u00eb t\u00eb madh dhe sipas njohurive tona. Megjithat\u00eb, ne nuk mund t\u00eb garantojm\u00eb q\u00eb p\u00ebrmbajtja \u00ebsht\u00eb e sakt\u00eb, e plot\u00eb ose e &hellip;<\/p>\n<p class=\"read-more\"> <a class=\"\" href=\"https:\/\/arkitekti-im.com\/sq\/imprint\/\"> <span class=\"screen-reader-text\">Imprint<\/span> Read More &raquo;<\/a><\/p>\n","protected":false},"author":1,"featured_media":0,"parent":0,"menu_order":0,"comment_status":"closed","ping_status":"closed","template":"","meta":{"site-sidebar-layout":"no-sidebar","site-content-layout":"page-builder","ast-global-header-display":"","ast-main-header-display":"","ast-hfb-above-header-display":"","ast-hfb-below-header-display":"","ast-hfb-mobile-header-display":"","site-post-title":"disabled","ast-breadcrumbs-content":"","ast-featured-img":"disabled","footer-sml-layout":"","theme-transparent-header-meta":"","adv-header-id-meta":"","stick-header-meta":"","header-above-stick-meta":"","header-main-stick-meta":"","header-below-stick-meta":"","_jet_sm_ready_style":"","_jet_sm_style":"","_jet_sm_controls_values":"","_jet_sm_fonts_collection":"","_jet_sm_fonts_links":"","footnotes":""},"class_list":["post-171","page","type-page","status-publish","hentry"],"_links":{"self":[{"href":"https:\/\/arkitekti-im.com\/sq\/wp-json\/wp\/v2\/pages\/171","targetHints":{"allow":["GET"]}}],"collection":[{"href":"https:\/\/arkitekti-im.com\/sq\/wp-json\/wp\/v2\/pages"}],"about":[{"href":"https:\/\/arkitekti-im.com\/sq\/wp-json\/wp\/v2\/types\/page"}],"author":[{"embeddable":true,"href":"https:\/\/arkitekti-im.com\/sq\/wp-json\/wp\/v2\/users\/1"}],"replies":[{"embeddable":true,"href":"https:\/\/arkitekti-im.com\/sq\/wp-json\/wp\/v2\/comments?post=171"}],"version-history":[{"count":4,"href":"https:\/\/arkitekti-im.com\/sq\/wp-json\/wp\/v2\/pages\/171\/revisions"}],"predecessor-version":[{"id":2553,"href":"https:\/\/arkitekti-im.com\/sq\/wp-json\/wp\/v2\/pages\/171\/revisions\/2553"}],"wp:attachment":[{"href":"https:\/\/arkitekti-im.com\/sq\/wp-json\/wp\/v2\/media?parent=171"}],"curies":[{"name":"wp","href":"https:\/\/api.w.org\/{rel}","templated":true}]}}