{"id":164,"date":"2022-11-24T12:20:34","date_gmt":"2022-11-24T12:20:34","guid":{"rendered":"https:\/\/arkitekti-im.com\/?page_id=164"},"modified":"2022-12-01T09:05:06","modified_gmt":"2022-12-01T09:05:06","slug":"politika-e-cookies","status":"publish","type":"page","link":"https:\/\/arkitekti-im.com\/sq\/politika-e-cookies\/","title":{"rendered":"Politika e Cookies"},"content":{"rendered":"\t\t<div data-elementor-type=\"wp-page\" data-elementor-id=\"164\" class=\"elementor elementor-164\" data-elementor-post-type=\"page\">\n\t\t\t\t\t\t<section class=\"elementor-section elementor-top-section elementor-element elementor-element-2a648b5a elementor-section-full_width elementor-section-height-default elementor-section-height-default\" data-id=\"2a648b5a\" data-element_type=\"section\" data-e-type=\"section\" data-settings=\"{&quot;jet_parallax_layout_list&quot;:[]}\">\n\t\t\t\t\t\t<div class=\"elementor-container elementor-column-gap-default\">\n\t\t\t\t\t<div class=\"elementor-column elementor-col-100 elementor-top-column elementor-element elementor-element-15f5c5b4\" data-id=\"15f5c5b4\" data-element_type=\"column\" data-e-type=\"column\">\n\t\t\t<div class=\"elementor-widget-wrap elementor-element-populated\">\n\t\t\t\t\t\t<section class=\"elementor-section elementor-inner-section elementor-element elementor-element-2799d1c elementor-section-boxed elementor-section-height-default elementor-section-height-default\" data-id=\"2799d1c\" data-element_type=\"section\" data-e-type=\"section\" data-settings=\"{&quot;jet_parallax_layout_list&quot;:[]}\">\n\t\t\t\t\t\t<div class=\"elementor-container elementor-column-gap-default\">\n\t\t\t\t\t<div class=\"elementor-column elementor-col-100 elementor-inner-column elementor-element elementor-element-68bdf102\" data-id=\"68bdf102\" data-element_type=\"column\" data-e-type=\"column\">\n\t\t\t<div class=\"elementor-widget-wrap elementor-element-populated\">\n\t\t\t\t\t\t<div class=\"elementor-element elementor-element-3b778073 elementor-widget elementor-widget-heading\" data-id=\"3b778073\" data-element_type=\"widget\" data-e-type=\"widget\" data-widget_type=\"heading.default\">\n\t\t\t\t<div class=\"elementor-widget-container\">\n\t\t\t\t\t<h2 class=\"elementor-heading-title elementor-size-default\">Politika e Cookies p\u00ebr Arkitekti Im<\/h2>\t\t\t\t<\/div>\n\t\t\t\t<\/div>\n\t\t\t\t<div class=\"elementor-element elementor-element-17a56312 elementor-widget elementor-widget-heading\" data-id=\"17a56312\" data-element_type=\"widget\" data-e-type=\"widget\" data-widget_type=\"heading.default\">\n\t\t\t\t<div class=\"elementor-widget-container\">\n\t\t\t\t\t<h3 class=\"elementor-heading-title elementor-size-default\">\u00c7far\u00eb Jan\u00eb Cookies<\/h3>\t\t\t\t<\/div>\n\t\t\t\t<\/div>\n\t\t\t\t<div class=\"elementor-element elementor-element-6c877ed7 elementor-widget elementor-widget-text-editor\" data-id=\"6c877ed7\" data-element_type=\"widget\" data-e-type=\"widget\" data-widget_type=\"text-editor.default\">\n\t\t\t\t<div class=\"elementor-widget-container\">\n\t\t\t\t\t\t\t\t\tSi\u00e7 \u00ebsht\u00eb praktik\u00eb e zakonshme me pothuajse t\u00eb gjitha faqet e internetit profesionale, kjo faqe p\u00ebrdor cookie, t\u00eb cilat jan\u00eb skedar\u00eb t\u00eb vegj\u00ebl q\u00eb shkarkohen n\u00eb kompjuterin tuaj, p\u00ebr t\u00eb p\u00ebrmir\u00ebsuar p\u00ebrvoj\u00ebn tuaj. Kjo faqe p\u00ebrshkruan se \u00e7far\u00eb informacioni ata mbledhin, si i p\u00ebrdorim dhe pse ndonj\u00ebher\u00eb na duhet t&#8217;i ruajm\u00eb k\u00ebto cookie. Ne do t\u00eb ndajm\u00eb gjithashtu se si mund t&#8217;i parandaloni k\u00ebto skedar\u00eb kuki q\u00eb t\u00eb ruhen, megjithat\u00eb kjo mund t\u00eb zvog\u00ebloj\u00eb ose &#8220;prish&#8221; disa element\u00eb t\u00eb funksionalitetit t\u00eb sajteve.\t\t\t\t\t\t\t\t<\/div>\n\t\t\t\t<\/div>\n\t\t\t\t<div class=\"elementor-element elementor-element-29b8c37e elementor-widget elementor-widget-heading\" data-id=\"29b8c37e\" data-element_type=\"widget\" data-e-type=\"widget\" data-widget_type=\"heading.default\">\n\t\t\t\t<div class=\"elementor-widget-container\">\n\t\t\t\t\t<h3 class=\"elementor-heading-title elementor-size-default\">Si i P\u00ebrdorim Cookies<\/h3>\t\t\t\t<\/div>\n\t\t\t\t<\/div>\n\t\t\t\t<div class=\"elementor-element elementor-element-2fa7da1d elementor-widget elementor-widget-text-editor\" data-id=\"2fa7da1d\" data-element_type=\"widget\" data-e-type=\"widget\" data-widget_type=\"text-editor.default\">\n\t\t\t\t<div class=\"elementor-widget-container\">\n\t\t\t\t\t\t\t\t\tNe p\u00ebrdorim cookies p\u00ebr nj\u00eb s\u00ebr\u00eb arsyesh t\u00eb detajuara m\u00eb posht\u00eb. Fatkeq\u00ebsisht, n\u00eb shumic\u00ebn e rasteve nuk ka opsione standarde t\u00eb industris\u00eb p\u00ebr \u00e7aktivizimin e cookies pa \u00e7aktivizuar plot\u00ebsisht funksionalitetin dhe ve\u00e7orit\u00eb q\u00eb ato shtojn\u00eb n\u00eb k\u00ebt\u00eb sajt. Rekomandohet q\u00eb t\u00eb lini t\u00eb gjitha cookies n\u00ebse nuk jeni t\u00eb sigurt n\u00ebse keni nevoj\u00eb p\u00ebr to ose jo n\u00eb rast se p\u00ebrdoren p\u00ebr t\u00eb ofruar nj\u00eb sh\u00ebrbim q\u00eb p\u00ebrdorni.\t\t\t\t\t\t\t\t<\/div>\n\t\t\t\t<\/div>\n\t\t\t\t<div class=\"elementor-element elementor-element-8cd9feb elementor-widget elementor-widget-heading\" data-id=\"8cd9feb\" data-element_type=\"widget\" data-e-type=\"widget\" data-widget_type=\"heading.default\">\n\t\t\t\t<div class=\"elementor-widget-container\">\n\t\t\t\t\t<h2 class=\"elementor-heading-title elementor-size-default\">\u00c7aktivizimi i Cookies<\/h2>\t\t\t\t<\/div>\n\t\t\t\t<\/div>\n\t\t\t\t<div class=\"elementor-element elementor-element-385bfae2 elementor-widget elementor-widget-text-editor\" data-id=\"385bfae2\" data-element_type=\"widget\" data-e-type=\"widget\" data-widget_type=\"text-editor.default\">\n\t\t\t\t<div class=\"elementor-widget-container\">\n\t\t\t\t\t\t\t\t\tMund t\u00eb parandaloni vendosjen e skedar\u00ebve t\u00eb personalizimit duke rregulluar cil\u00ebsimet n\u00eb shfletuesin tuaj (shihni Ndihm\u00ebn e shfletuesit tuaj se si ta b\u00ebni k\u00ebt\u00eb). Kini parasysh se \u00e7aktivizimi i cookies do t\u00eb ndikoj\u00eb n\u00eb funksionalitetin e k\u00ebsaj dhe shum\u00eb faqeve t\u00eb tjera t\u00eb internetit q\u00eb vizitoni. \u00c7aktivizimi i kukive zakonisht do t\u00eb rezultoj\u00eb n\u00eb \u00e7aktivizimin e disa funksioneve dhe ve\u00e7orive t\u00eb k\u00ebsaj faqeje. Prandaj rekomandohet q\u00eb t\u00eb mos \u00e7aktivizoni cookies.\t\t\t\t\t\t\t\t<\/div>\n\t\t\t\t<\/div>\n\t\t\t\t<div class=\"elementor-element elementor-element-3d77180a elementor-widget elementor-widget-heading\" data-id=\"3d77180a\" data-element_type=\"widget\" data-e-type=\"widget\" data-widget_type=\"heading.default\">\n\t\t\t\t<div class=\"elementor-widget-container\">\n\t\t\t\t\t<h2 class=\"elementor-heading-title elementor-size-default\">Cookies q\u00eb Vendosim<\/h2>\t\t\t\t<\/div>\n\t\t\t\t<\/div>\n\t\t\t\t<div class=\"elementor-element elementor-element-5d1d836a elementor-widget elementor-widget-text-editor\" data-id=\"5d1d836a\" data-element_type=\"widget\" data-e-type=\"widget\" data-widget_type=\"text-editor.default\">\n\t\t\t\t<div class=\"elementor-widget-container\">\n\t\t\t\t\t\t\t\t\t<ul>\n  <li>Cookie t\u00eb lidhura me format<br> <br>\n\nKur dor\u00ebzoni t\u00eb dh\u00ebna p\u00ebrmes nj\u00eb formulari si ato q\u00eb gjenden n\u00eb faqet e kontaktit ose formular\u00ebt e komenteve, kukit mund t\u00eb vendosen p\u00ebr t\u00eb mbajtur mend detajet e p\u00ebrdoruesit tuaj p\u00ebr korrespondenc\u00ebn e ardhshme.<\/li>\n<\/ul>\t\t\t\t\t\t\t\t<\/div>\n\t\t\t\t<\/div>\n\t\t\t\t<div class=\"elementor-element elementor-element-6b7add4f elementor-widget elementor-widget-heading\" data-id=\"6b7add4f\" data-element_type=\"widget\" data-e-type=\"widget\" data-widget_type=\"heading.default\">\n\t\t\t\t<div class=\"elementor-widget-container\">\n\t\t\t\t\t<h2 class=\"elementor-heading-title elementor-size-default\">Cookies nga Pal\u00ebt e Treta<\/h2>\t\t\t\t<\/div>\n\t\t\t\t<\/div>\n\t\t\t\t<div class=\"elementor-element elementor-element-211b7d2f elementor-widget elementor-widget-text-editor\" data-id=\"211b7d2f\" data-element_type=\"widget\" data-e-type=\"widget\" data-widget_type=\"text-editor.default\">\n\t\t\t\t<div class=\"elementor-widget-container\">\n\t\t\t\t\t\t\t\t\tN\u00eb disa raste t\u00eb ve\u00e7anta ne p\u00ebrdorim gjithashtu cookie t\u00eb ofruara nga pal\u00eb t\u00eb treta t\u00eb besuara. Seksioni i m\u00ebposht\u00ebm detajon se cilat cookie t\u00eb pal\u00ebve t\u00eb treta mund t\u00eb hasni p\u00ebrmes k\u00ebsaj faqeje.\n<ul><br>\n  <li>Koh\u00eb pas kohe ne testojm\u00eb ve\u00e7ori t\u00eb reja dhe b\u00ebjm\u00eb ndryshime delikate n\u00eb m\u00ebnyr\u00ebn e shp\u00ebrndarjes s\u00eb sajtit. Kur ne jemi ende duke testuar ve\u00e7ori t\u00eb reja, k\u00ebto skedar\u00eb kuki mund t\u00eb p\u00ebrdoren p\u00ebr t&#8217;u siguruar q\u00eb ju t\u00eb merrni nj\u00eb p\u00ebrvoj\u00eb t\u00eb q\u00ebndrueshme nd\u00ebrsa jeni n\u00eb sajt, nd\u00ebrkoh\u00eb q\u00eb sigurohemi se kuptojm\u00eb se cilat optimizime vler\u00ebsojn\u00eb m\u00eb shum\u00eb p\u00ebrdoruesit tan\u00eb.<\/li>\n<\/ul>\t\t\t\t\t\t\t\t<\/div>\n\t\t\t\t<\/div>\n\t\t\t\t<div class=\"elementor-element elementor-element-29813c4a elementor-widget elementor-widget-heading\" data-id=\"29813c4a\" data-element_type=\"widget\" data-e-type=\"widget\" data-widget_type=\"heading.default\">\n\t\t\t\t<div class=\"elementor-widget-container\">\n\t\t\t\t\t<h2 class=\"elementor-heading-title elementor-size-default\">M\u00eb shum\u00eb Informacion<\/h2>\t\t\t\t<\/div>\n\t\t\t\t<\/div>\n\t\t\t\t<div class=\"elementor-element elementor-element-6b7705e2 elementor-widget elementor-widget-text-editor\" data-id=\"6b7705e2\" data-element_type=\"widget\" data-e-type=\"widget\" data-widget_type=\"text-editor.default\">\n\t\t\t\t<div class=\"elementor-widget-container\">\n\t\t\t\t\t\t\t\t\tShpresojm\u00eb se kjo ka sqaruar gj\u00ebrat p\u00ebr ju dhe si\u00e7 u p\u00ebrmend m\u00eb par\u00eb n\u00ebse ka di\u00e7ka p\u00ebr t\u00eb cil\u00ebn nuk jeni t\u00eb sigurt n\u00ebse keni nevoj\u00eb apo jo, zakonisht \u00ebsht\u00eb m\u00eb e sigurt t\u00eb lini t\u00eb aktivizuara cookie-t n\u00eb rast se nd\u00ebrvepron me nj\u00eb nga ve\u00e7orit\u00eb q\u00eb p\u00ebrdorni n\u00eb faqen ton\u00eb. P\u00ebr m\u00eb shum\u00eb informacion t\u00eb p\u00ebrgjithsh\u00ebm mbi kukit, ju lutemi lexoni <a href=\"https:\/\/arkitekti-im.com\/sample-cookies-policy\/\">artikulli i politik\u00ebs s\u00eb kukive<\/a>.\n\n\nMegjithat\u00eb, n\u00ebse jeni ende duke k\u00ebrkuar p\u00ebr m\u00eb shum\u00eb informacion, at\u00ebher\u00eb mund t\u00eb na kontaktoni p\u00ebrmes nj\u00eb prej metodave tona t\u00eb preferuara t\u00eb kontaktit:\n<ul>\n \t<li>Email: <a href=\"mailto:info@arkitekti-im.com\" target=\"_blank\" rel=\"noopener\">info@arkitekti-im.com<\/a><\/li>\n \t<li>Duke vizituar k\u00ebt\u00eb lidhje: <a href=\"https:\/\/arkitekti-im.com\/kontakt\">https:\/\/arkitekti-im.com\/kontakt<\/a><\/li>\n<\/ul>\t\t\t\t\t\t\t\t<\/div>\n\t\t\t\t<\/div>\n\t\t\t\t\t<\/div>\n\t\t<\/div>\n\t\t\t\t\t<\/div>\n\t\t<\/section>\n\t\t\t\t\t<\/div>\n\t\t<\/div>\n\t\t\t\t\t<\/div>\n\t\t<\/section>\n\t\t\t\t<\/div>\n\t\t","protected":false},"excerpt":{"rendered":"<p>Politika e Cookies p\u00ebr Arkitekti Im \u00c7far\u00eb Jan\u00eb Cookies Si\u00e7 \u00ebsht\u00eb praktik\u00eb e zakonshme me pothuajse t\u00eb gjitha faqet e internetit profesionale, kjo faqe p\u00ebrdor cookie, t\u00eb cilat jan\u00eb skedar\u00eb t\u00eb vegj\u00ebl q\u00eb shkarkohen n\u00eb kompjuterin tuaj, p\u00ebr t\u00eb p\u00ebrmir\u00ebsuar p\u00ebrvoj\u00ebn tuaj. Kjo faqe p\u00ebrshkruan se \u00e7far\u00eb informacioni ata mbledhin, si i p\u00ebrdorim dhe pse &hellip;<\/p>\n<p class=\"read-more\"> <a class=\"\" href=\"https:\/\/arkitekti-im.com\/sq\/politika-e-cookies\/\"> <span class=\"screen-reader-text\">Politika e Cookies<\/span> Read More &raquo;<\/a><\/p>\n","protected":false},"author":1,"featured_media":0,"parent":0,"menu_order":0,"comment_status":"closed","ping_status":"closed","template":"","meta":{"site-sidebar-layout":"no-sidebar","site-content-layout":"page-builder","ast-global-header-display":"","ast-main-header-display":"","ast-hfb-above-header-display":"","ast-hfb-below-header-display":"","ast-hfb-mobile-header-display":"","site-post-title":"disabled","ast-breadcrumbs-content":"","ast-featured-img":"disabled","footer-sml-layout":"","theme-transparent-header-meta":"","adv-header-id-meta":"","stick-header-meta":"","header-above-stick-meta":"","header-main-stick-meta":"","header-below-stick-meta":"","_jet_sm_ready_style":"","_jet_sm_style":"","_jet_sm_controls_values":"","_jet_sm_fonts_collection":"","_jet_sm_fonts_links":"","footnotes":""},"class_list":["post-164","page","type-page","status-publish","hentry"],"_links":{"self":[{"href":"https:\/\/arkitekti-im.com\/sq\/wp-json\/wp\/v2\/pages\/164","targetHints":{"allow":["GET"]}}],"collection":[{"href":"https:\/\/arkitekti-im.com\/sq\/wp-json\/wp\/v2\/pages"}],"about":[{"href":"https:\/\/arkitekti-im.com\/sq\/wp-json\/wp\/v2\/types\/page"}],"author":[{"embeddable":true,"href":"https:\/\/arkitekti-im.com\/sq\/wp-json\/wp\/v2\/users\/1"}],"replies":[{"embeddable":true,"href":"https:\/\/arkitekti-im.com\/sq\/wp-json\/wp\/v2\/comments?post=164"}],"version-history":[{"count":0,"href":"https:\/\/arkitekti-im.com\/sq\/wp-json\/wp\/v2\/pages\/164\/revisions"}],"wp:attachment":[{"href":"https:\/\/arkitekti-im.com\/sq\/wp-json\/wp\/v2\/media?parent=164"}],"curies":[{"name":"wp","href":"https:\/\/api.w.org\/{rel}","templated":true}]}}