{"id":146,"date":"2022-11-24T12:03:36","date_gmt":"2022-11-24T12:03:36","guid":{"rendered":"https:\/\/arkitekti-im.com\/?page_id=146"},"modified":"2022-12-01T09:05:47","modified_gmt":"2022-12-01T09:05:47","slug":"politika-e-privatesise","status":"publish","type":"page","link":"https:\/\/arkitekti-im.com\/sq\/politika-e-privatesise\/","title":{"rendered":"Politika e Privat\u00ebsis\u00eb"},"content":{"rendered":"\t\t<div data-elementor-type=\"wp-page\" data-elementor-id=\"146\" class=\"elementor elementor-146\" data-elementor-post-type=\"page\">\n\t\t\t\t\t\t<section class=\"elementor-section elementor-top-section elementor-element elementor-element-893b4af elementor-section-full_width elementor-section-height-default elementor-section-height-default\" data-id=\"893b4af\" data-element_type=\"section\" data-e-type=\"section\" data-settings=\"{&quot;jet_parallax_layout_list&quot;:[]}\">\n\t\t\t\t\t\t<div class=\"elementor-container elementor-column-gap-default\">\n\t\t\t\t\t<div class=\"elementor-column elementor-col-100 elementor-top-column elementor-element elementor-element-2afd89a9\" data-id=\"2afd89a9\" data-element_type=\"column\" data-e-type=\"column\">\n\t\t\t<div class=\"elementor-widget-wrap elementor-element-populated\">\n\t\t\t\t\t\t<section class=\"elementor-section elementor-inner-section elementor-element elementor-element-718ea63a elementor-section-boxed elementor-section-height-default elementor-section-height-default\" data-id=\"718ea63a\" data-element_type=\"section\" data-e-type=\"section\" data-settings=\"{&quot;jet_parallax_layout_list&quot;:[]}\">\n\t\t\t\t\t\t<div class=\"elementor-container elementor-column-gap-default\">\n\t\t\t\t\t<div class=\"elementor-column elementor-col-100 elementor-inner-column elementor-element elementor-element-fb3e3b2\" data-id=\"fb3e3b2\" data-element_type=\"column\" data-e-type=\"column\">\n\t\t\t<div class=\"elementor-widget-wrap elementor-element-populated\">\n\t\t\t\t\t\t<div class=\"elementor-element elementor-element-2474cae4 elementor-widget elementor-widget-heading\" data-id=\"2474cae4\" data-element_type=\"widget\" data-e-type=\"widget\" data-widget_type=\"heading.default\">\n\t\t\t\t<div class=\"elementor-widget-container\">\n\t\t\t\t\t<h2 class=\"elementor-heading-title elementor-size-default\">Politika e Privat\u00ebsis\u00eb p\u00ebr Arkitekti Im<\/h2>\t\t\t\t<\/div>\n\t\t\t\t<\/div>\n\t\t\t\t<div class=\"elementor-element elementor-element-4d0766ce elementor-widget elementor-widget-text-editor\" data-id=\"4d0766ce\" data-element_type=\"widget\" data-e-type=\"widget\" data-widget_type=\"text-editor.default\">\n\t\t\t\t<div class=\"elementor-widget-container\">\n\t\t\t\t\t\t\t\t\tN\u00eb Arkitekti Im, i aksesuesh\u00ebm nga <a href=\"https:\/\/arkitekti-im.com\">https:\/\/arkitekti-im.com\/<\/a>, nj\u00eb nga prioritetet tona kryesore \u00ebsht\u00eb privat\u00ebsia e vizitor\u00ebve tan\u00eb. Ky dokument i Politik\u00ebs s\u00eb Privat\u00ebsis\u00eb p\u00ebrmban lloje t\u00eb informacionit q\u00eb mblidhet dhe regjistrohet nga Arkitekti Im dhe se si ne i p\u00ebrdorim ato.\n<br><br>\nN\u00ebse keni pyetje shtes\u00eb ose k\u00ebrkoni m\u00eb shum\u00eb informacion n\u00eb lidhje me Politik\u00ebn ton\u00eb t\u00eb Privat\u00ebsis\u00eb, mos hezitoni t\u00eb na kontaktoni.\n<br><br>\nKjo Politik\u00eb e Privat\u00ebsis\u00eb zbatohet vet\u00ebm p\u00ebr aktivitetet tona n\u00eb internet dhe \u00ebsht\u00eb e vlefshme p\u00ebr vizitor\u00ebt e faqes son\u00eb t\u00eb internetit n\u00eb lidhje me informacionin q\u00eb ata shp\u00ebrndan\u00eb dhe\/ose mbledhin n\u00eb Arkitekti Im. Kjo politik\u00eb nuk zbatohet p\u00ebr asnj\u00eb informacion t\u00eb mbledhur jasht\u00eb linje ose n\u00ebp\u00ebrmjet kanaleve t\u00eb tjera p\u00ebrve\u00e7 k\u00ebsaj faqe interneti.\t\t\t\t\t\t\t\t<\/div>\n\t\t\t\t<\/div>\n\t\t\t\t<div class=\"elementor-element elementor-element-3496b99b elementor-widget elementor-widget-heading\" data-id=\"3496b99b\" data-element_type=\"widget\" data-e-type=\"widget\" data-widget_type=\"heading.default\">\n\t\t\t\t<div class=\"elementor-widget-container\">\n\t\t\t\t\t<h3 class=\"elementor-heading-title elementor-size-default\">Miratimi<\/h3>\t\t\t\t<\/div>\n\t\t\t\t<\/div>\n\t\t\t\t<div class=\"elementor-element elementor-element-542f3f64 elementor-widget elementor-widget-text-editor\" data-id=\"542f3f64\" data-element_type=\"widget\" data-e-type=\"widget\" data-widget_type=\"text-editor.default\">\n\t\t\t\t<div class=\"elementor-widget-container\">\n\t\t\t\t\t\t\t\t\tDuke p\u00ebrdorur faqen ton\u00eb t\u00eb internetit, ju pranoni <a href=\"https:\/\/arkitekti-im.com\/privacy-policy\">Politik\u00ebn ton\u00eb t\u00eb privat\u00ebsis\u00eb<\/a> dhe pranoni kushtet e saj.\t\t\t\t\t\t\t\t<\/div>\n\t\t\t\t<\/div>\n\t\t\t\t<div class=\"elementor-element elementor-element-f7946c8 elementor-widget elementor-widget-heading\" data-id=\"f7946c8\" data-element_type=\"widget\" data-e-type=\"widget\" data-widget_type=\"heading.default\">\n\t\t\t\t<div class=\"elementor-widget-container\">\n\t\t\t\t\t<h3 class=\"elementor-heading-title elementor-size-default\">Informacioni q\u00eb mbledhim<\/h3>\t\t\t\t<\/div>\n\t\t\t\t<\/div>\n\t\t\t\t<div class=\"elementor-element elementor-element-164d538a elementor-widget elementor-widget-text-editor\" data-id=\"164d538a\" data-element_type=\"widget\" data-e-type=\"widget\" data-widget_type=\"text-editor.default\">\n\t\t\t\t<div class=\"elementor-widget-container\">\n\t\t\t\t\t\t\t\t\tInformacioni personal q\u00eb ju k\u00ebrkohet t\u00eb jepni dhe arsyet pse ju k\u00ebrkohet t&#8217;i jepni ato, do t&#8217;ju b\u00ebhen t\u00eb qarta n\u00eb momentin kur ne ju k\u00ebrkojm\u00eb t\u00eb jepni informacionin tuaj personal.\n<br><br>\nN\u00ebse na kontaktoni drejtp\u00ebrdrejt, ne mund t\u00eb marrim informacion shtes\u00eb rreth jush, si emrin, adres\u00ebn e emailit, numrin e telefonit, p\u00ebrmbajtjen e mesazhit dhe\/ose bashk\u00ebngjitjet q\u00eb mund t\u00eb na d\u00ebrgoni dhe \u00e7do informacion tjet\u00ebr q\u00eb mund t\u00eb zgjidhni t\u00eb jepni.\n<br><br>\nKur regjistroheni p\u00ebr nj\u00eb llogari, ne mund t\u00eb k\u00ebrkojm\u00eb informacionin tuaj t\u00eb kontaktit, duke p\u00ebrfshir\u00eb artikuj t\u00eb till\u00eb si emri, emri i kompanis\u00eb, adresa, adresa e emailit dhe numri i telefonit.\t\t\t\t\t\t\t\t<\/div>\n\t\t\t\t<\/div>\n\t\t\t\t<div class=\"elementor-element elementor-element-1e036485 elementor-widget elementor-widget-heading\" data-id=\"1e036485\" data-element_type=\"widget\" data-e-type=\"widget\" data-widget_type=\"heading.default\">\n\t\t\t\t<div class=\"elementor-widget-container\">\n\t\t\t\t\t<h2 class=\"elementor-heading-title elementor-size-default\">Si e p\u00ebrdorim informacionin tuaj<\/h2>\t\t\t\t<\/div>\n\t\t\t\t<\/div>\n\t\t\t\t<div class=\"elementor-element elementor-element-6c202006 elementor-widget elementor-widget-text-editor\" data-id=\"6c202006\" data-element_type=\"widget\" data-e-type=\"widget\" data-widget_type=\"text-editor.default\">\n\t\t\t\t<div class=\"elementor-widget-container\">\n\t\t\t\t\t\t\t\t\tNe p\u00ebrdorim informacionin q\u00eb mbledhim n\u00eb m\u00ebnyra t\u00eb ndryshme, duke p\u00ebrfshir\u00eb:<br>\n<ul>\n  <li>Siguroni, veproni dhe mir\u00ebmbani faqen ton\u00eb t\u00eb internetit<\/li>\n  <li>P\u00ebrmir\u00ebsoni, personalizoni dhe zgjeroni faqen ton\u00eb t\u00eb internetit<\/li>\n  <li>Kuptoni dhe analizoni se si e p\u00ebrdorni faqen ton\u00eb t\u00eb internetit<\/li>\n  <li>Zhvilloni produkte, sh\u00ebrbime, ve\u00e7ori dhe funksionalitete t\u00eb reja<\/li>\n  <li>Komunikoni me ju, ose drejtp\u00ebrdrejt ose n\u00ebp\u00ebrmjet nj\u00eb prej partner\u00ebve tan\u00eb, duke p\u00ebrfshir\u00eb sh\u00ebrbimin ndaj klientit, p\u00ebr t&#8217;ju ofruar p\u00ebrdit\u00ebsime dhe informacione t\u00eb tjera n\u00eb lidhje me faqen e internetit dhe p\u00ebr q\u00ebllime marketingu dhe promovimi<\/li>\n  <li>T\u00eb d\u00ebrgoj email<\/li>\n  <li>Gjeni dhe parandaloni mashtrimin<\/li>\n<\/ul>\t\t\t\t\t\t\t\t<\/div>\n\t\t\t\t<\/div>\n\t\t\t\t<div class=\"elementor-element elementor-element-46f9bccd elementor-widget elementor-widget-heading\" data-id=\"46f9bccd\" data-element_type=\"widget\" data-e-type=\"widget\" data-widget_type=\"heading.default\">\n\t\t\t\t<div class=\"elementor-widget-container\">\n\t\t\t\t\t<h2 class=\"elementor-heading-title elementor-size-default\">Skedar\u00ebt e regjistrit<\/h2>\t\t\t\t<\/div>\n\t\t\t\t<\/div>\n\t\t\t\t<div class=\"elementor-element elementor-element-4bedde86 elementor-widget elementor-widget-text-editor\" data-id=\"4bedde86\" data-element_type=\"widget\" data-e-type=\"widget\" data-widget_type=\"text-editor.default\">\n\t\t\t\t<div class=\"elementor-widget-container\">\n\t\t\t\t\t\t\t\t\tArkitekti Im ndjek nj\u00eb procedur\u00eb standarde t\u00eb p\u00ebrdorimit t\u00eb skedar\u00ebve log. K\u00ebta skedar\u00eb regjistrojn\u00eb vizitor\u00ebt kur vizitojn\u00eb faqet e internetit. T\u00eb gjitha kompanit\u00eb prit\u00ebse e b\u00ebjn\u00eb k\u00ebt\u00eb dhe nj\u00eb pjes\u00eb e analitik\u00ebs s\u00eb sh\u00ebrbimeve t\u00eb pritjes. Informacioni i mbledhur nga skedar\u00ebt e regjistrave p\u00ebrfshin adresat e protokollit t\u00eb internetit (IP), llojin e shfletuesit, Ofruesin e Sh\u00ebrbimit t\u00eb Internetit (ISP), vul\u00ebn e dat\u00ebs dhe or\u00ebs, faqet referuese\/dal\u00ebse dhe mund\u00ebsisht numrin e klikimeve. K\u00ebto nuk jan\u00eb t\u00eb lidhura me asnj\u00eb informacion q\u00eb \u00ebsht\u00eb personalisht i identifikuesh\u00ebm. Q\u00ebllimi i informacionit \u00ebsht\u00eb analizimi i tendencave, administrimi i faqes, gjurmimi i l\u00ebvizjes s\u00eb p\u00ebrdoruesve n\u00eb faqen e internetit dhe mbledhja e informacionit demografik.\t\t\t\t\t\t\t\t<\/div>\n\t\t\t\t<\/div>\n\t\t\t\t<div class=\"elementor-element elementor-element-6a77396c elementor-widget elementor-widget-heading\" data-id=\"6a77396c\" data-element_type=\"widget\" data-e-type=\"widget\" data-widget_type=\"heading.default\">\n\t\t\t\t<div class=\"elementor-widget-container\">\n\t\t\t\t\t<h2 class=\"elementor-heading-title elementor-size-default\">Cookies dhe Fener\u00ebt e Uebit <\/h2>\t\t\t\t<\/div>\n\t\t\t\t<\/div>\n\t\t\t\t<div class=\"elementor-element elementor-element-4e814fb6 elementor-widget elementor-widget-text-editor\" data-id=\"4e814fb6\" data-element_type=\"widget\" data-e-type=\"widget\" data-widget_type=\"text-editor.default\">\n\t\t\t\t<div class=\"elementor-widget-container\">\n\t\t\t\t\t\t\t\t\tLike any other website, Arkitekti Im uses &#8216;cookies&#8217;. These cookies are used to store information including visitors&#8217; preferences, and the pages on the website that the visitor accessed or visited. The information is used to optimize the users&#8217; experience by customizing our web page content based on visitors&#8217; browser type and\/or other information.\t\t\t\t\t\t\t\t<\/div>\n\t\t\t\t<\/div>\n\t\t\t\t<div class=\"elementor-element elementor-element-70a8ad41 elementor-widget elementor-widget-heading\" data-id=\"70a8ad41\" data-element_type=\"widget\" data-e-type=\"widget\" data-widget_type=\"heading.default\">\n\t\t\t\t<div class=\"elementor-widget-container\">\n\t\t\t\t\t<h2 class=\"elementor-heading-title elementor-size-default\">Politikat e Privat\u00ebsis\u00eb s\u00eb Partner\u00ebve t\u00eb Reklamimit<\/h2>\t\t\t\t<\/div>\n\t\t\t\t<\/div>\n\t\t\t\t<div class=\"elementor-element elementor-element-61598a87 elementor-widget elementor-widget-text-editor\" data-id=\"61598a87\" data-element_type=\"widget\" data-e-type=\"widget\" data-widget_type=\"text-editor.default\">\n\t\t\t\t<div class=\"elementor-widget-container\">\n\t\t\t\t\t\t\t\t\tJu mund t\u00eb konsultoni k\u00ebt\u00eb list\u00eb p\u00ebr t\u00eb gjetur Politik\u00ebn e Privat\u00ebsis\u00eb p\u00ebr secilin prej partner\u00ebve reklamues t\u00eb Arkitekti Im.\n<br><br>\nServer\u00ebt e reklamave t\u00eb pal\u00ebve t\u00eb treta ose rrjetet e reklamave p\u00ebrdorin teknologji si cookies, JavaScript ose Web Beacons q\u00eb p\u00ebrdoren n\u00eb reklamat e tyre p\u00ebrkat\u00ebse dhe lidhjet q\u00eb shfaqen n\u00eb Arkitekti Im, t\u00eb cilat d\u00ebrgohen drejtp\u00ebrdrejt n\u00eb shfletuesin e p\u00ebrdoruesve. Ata marrin automatikisht adres\u00ebn tuaj IP kur kjo ndodh. K\u00ebto teknologji p\u00ebrdoren p\u00ebr t\u00eb matur efektivitetin e fushatave t\u00eb tyre reklamuese dhe\/ose p\u00ebr t\u00eb personalizuar p\u00ebrmbajtjen reklamuese q\u00eb shihni n\u00eb faqet e internetit q\u00eb vizitoni.\n<br><br>\nVini re se Arkitekti Im nuk ka qasje ose kontroll mbi k\u00ebto cookie q\u00eb p\u00ebrdoren nga reklamues t\u00eb pal\u00ebve t\u00eb treta.\t\t\t\t\t\t\t\t<\/div>\n\t\t\t\t<\/div>\n\t\t\t\t<div class=\"elementor-element elementor-element-32814b0c elementor-widget elementor-widget-heading\" data-id=\"32814b0c\" data-element_type=\"widget\" data-e-type=\"widget\" data-widget_type=\"heading.default\">\n\t\t\t\t<div class=\"elementor-widget-container\">\n\t\t\t\t\t<h2 class=\"elementor-heading-title elementor-size-default\">Politikat e Privat\u00ebsis\u00eb s\u00eb Pal\u00ebve t\u00eb Treta<\/h2>\t\t\t\t<\/div>\n\t\t\t\t<\/div>\n\t\t\t\t<div class=\"elementor-element elementor-element-1413d941 elementor-widget elementor-widget-text-editor\" data-id=\"1413d941\" data-element_type=\"widget\" data-e-type=\"widget\" data-widget_type=\"text-editor.default\">\n\t\t\t\t<div class=\"elementor-widget-container\">\n\t\t\t\t\t\t\t\t\tPolitika e privat\u00ebsis\u00eb e Arkitekti Im nuk zbatohet p\u00ebr reklamuesit ose faqet e internetit t\u00eb tjera. K\u00ebshtu, ne po ju k\u00ebshillojm\u00eb q\u00eb t\u00eb konsultoheni me Politikat p\u00ebrkat\u00ebse t\u00eb Privat\u00ebsis\u00eb t\u00eb k\u00ebtyre server\u00ebve t\u00eb reklamave t\u00eb pal\u00ebve t\u00eb treta p\u00ebr informacion m\u00eb t\u00eb detajuar. Mund t\u00eb p\u00ebrfshij\u00eb praktikat dhe udh\u00ebzimet e tyre se si t\u00eb t\u00ebrhiqeni nga disa opsione.\n<br> <br>\nJu mund t\u00eb zgjidhni t\u00eb \u00e7aktivizoni cookies p\u00ebrmes opsioneve individuale t\u00eb shfletuesit tuaj. P\u00ebr t\u00eb ditur m\u00eb shum\u00eb informacion t\u00eb detajuar rreth menaxhimit t\u00eb cookie-ve me shfletues t\u00eb ve\u00e7ant\u00eb t\u00eb internetit, ai mund t\u00eb gjendet n\u00eb faqet e internetit p\u00ebrkat\u00ebse t\u00eb shfletuesve.\t\t\t\t\t\t\t\t<\/div>\n\t\t\t\t<\/div>\n\t\t\t\t<div class=\"elementor-element elementor-element-73f58fcd elementor-widget elementor-widget-heading\" data-id=\"73f58fcd\" data-element_type=\"widget\" data-e-type=\"widget\" data-widget_type=\"heading.default\">\n\t\t\t\t<div class=\"elementor-widget-container\">\n\t\t\t\t\t<h2 class=\"elementor-heading-title elementor-size-default\">T\u00eb drejtat e privat\u00ebsis\u00eb CCPA (Mos i shit t\u00eb dh\u00ebnat e mia personale)<\/h2>\t\t\t\t<\/div>\n\t\t\t\t<\/div>\n\t\t\t\t<div class=\"elementor-element elementor-element-6f2b0f7b elementor-widget elementor-widget-text-editor\" data-id=\"6f2b0f7b\" data-element_type=\"widget\" data-e-type=\"widget\" data-widget_type=\"text-editor.default\">\n\t\t\t\t<div class=\"elementor-widget-container\">\n\t\t\t\t\t\t\t\t\tSipas CCPA, nd\u00ebr t\u00eb drejtat e tjera, konsumator\u00ebt e Kalifornis\u00eb kan\u00eb t\u00eb drejt\u00eb t\u00eb:\n<br><br>\nK\u00ebrkoni q\u00eb nj\u00eb biznes q\u00eb mbledh t\u00eb dh\u00ebnat personale t\u00eb nj\u00eb konsumatori t\u00eb zbuloj\u00eb kategorit\u00eb dhe pjes\u00ebt specifike t\u00eb t\u00eb dh\u00ebnave personale q\u00eb nj\u00eb biznes ka mbledhur p\u00ebr konsumator\u00ebt.\n<br><br>\nK\u00ebrkoni q\u00eb nj\u00eb biznesi t\u00eb fshij\u00eb \u00e7do t\u00eb dh\u00ebn\u00eb personale p\u00ebr konsumatorin q\u00eb nj\u00eb biznes ka mbledhur.\n<br><br>\nK\u00ebrkoni q\u00eb nj\u00eb biznes q\u00eb shet t\u00eb dh\u00ebnat personale t\u00eb nj\u00eb konsumatori, t\u00eb mos shes\u00eb t\u00eb dh\u00ebnat personale t\u00eb konsumatorit.\n<br><br>\nN\u00ebse b\u00ebni nj\u00eb k\u00ebrkes\u00eb, ne kemi nj\u00eb muaj koh\u00eb p\u00ebr t&#8217;ju p\u00ebrgjigjur. N\u00ebse d\u00ebshironi t\u00eb ushtroni ndonj\u00eb nga k\u00ebto t\u00eb drejta, ju lutemi na kontaktoni.\t\t\t\t\t\t\t\t<\/div>\n\t\t\t\t<\/div>\n\t\t\t\t<div class=\"elementor-element elementor-element-6b840758 elementor-widget elementor-widget-heading\" data-id=\"6b840758\" data-element_type=\"widget\" data-e-type=\"widget\" data-widget_type=\"heading.default\">\n\t\t\t\t<div class=\"elementor-widget-container\">\n\t\t\t\t\t<h2 class=\"elementor-heading-title elementor-size-default\">T\u00eb drejtat e mbrojtjes s\u00eb t\u00eb dh\u00ebnave GDPR<\/h2>\t\t\t\t<\/div>\n\t\t\t\t<\/div>\n\t\t\t\t<div class=\"elementor-element elementor-element-72fb62a5 elementor-widget elementor-widget-text-editor\" data-id=\"72fb62a5\" data-element_type=\"widget\" data-e-type=\"widget\" data-widget_type=\"text-editor.default\">\n\t\t\t\t<div class=\"elementor-widget-container\">\n\t\t\t\t\t\t\t\t\tNe d\u00ebshirojm\u00eb t\u00eb sigurohemi q\u00eb ju jeni plot\u00ebsisht t\u00eb vet\u00ebdijsh\u00ebm p\u00ebr t\u00eb gjitha t\u00eb drejtat tuaja p\u00ebr mbrojtjen e t\u00eb dh\u00ebnave. \u00c7do p\u00ebrdorues ka t\u00eb drejt\u00eb p\u00ebr sa vijon:\n<br><br>\nE drejta p\u00ebr akses \u2013 Ju keni t\u00eb drejt\u00eb t\u00eb k\u00ebrkoni kopje t\u00eb t\u00eb dh\u00ebnave tuaja personale. Ne mund t&#8217;ju paguajm\u00eb nj\u00eb tarif\u00eb t\u00eb vog\u00ebl p\u00ebr k\u00ebt\u00eb sh\u00ebrbim.\n<br><br>\nE drejta p\u00ebr korrigjim \u2013 Ju keni t\u00eb drejt\u00ebn t\u00eb k\u00ebrkoni q\u00eb ne t\u00eb korrigjojm\u00eb \u00e7do informacion q\u00eb mendoni se \u00ebsht\u00eb i pasakt\u00eb. Ju gjithashtu keni t\u00eb drejt\u00eb t\u00eb k\u00ebrkoni q\u00eb ne t\u00eb plot\u00ebsojm\u00eb informacionin q\u00eb mendoni se \u00ebsht\u00eb i paplot\u00eb.\n<br><br>\nE drejta e fshirjes \u2013 Ju keni t\u00eb drejt\u00eb t\u00eb k\u00ebrkoni q\u00eb ne t\u00eb fshijm\u00eb t\u00eb dh\u00ebnat tuaja personale, n\u00eb kushte t\u00eb caktuara.\n<br><br>\nE drejta p\u00ebr t\u00eb kufizuar p\u00ebrpunimin \u2013 Ju keni t\u00eb drejt\u00eb t\u00eb k\u00ebrkoni q\u00eb ne t\u00eb kufizojm\u00eb p\u00ebrpunimin e t\u00eb dh\u00ebnave tuaja personale, n\u00eb kushte t\u00eb caktuara.\n<br><br>\nE drejta p\u00ebr t\u00eb kund\u00ebrshtuar p\u00ebrpunimin \u2013 Ju keni t\u00eb drejt\u00eb t\u00eb kund\u00ebrshtoni p\u00ebrpunimin ton\u00eb t\u00eb t\u00eb dh\u00ebnave tuaja personale, n\u00eb kushte t\u00eb caktuara.\n<br><br>\nE drejta p\u00ebr transportueshm\u00ebri t\u00eb t\u00eb dh\u00ebnave \u2013 Ju keni t\u00eb drejt\u00eb t\u00eb k\u00ebrkoni q\u00eb ne t&#8217;i transferojm\u00eb t\u00eb dh\u00ebnat q\u00eb kemi mbledhur n\u00eb nj\u00eb organizat\u00eb tjet\u00ebr, ose drejtp\u00ebrdrejt te ju, n\u00eb kushte t\u00eb caktuara.\n<br><br>\nN\u00ebse b\u00ebni nj\u00eb k\u00ebrkes\u00eb, ne kemi nj\u00eb muaj koh\u00eb p\u00ebr t&#8217;ju p\u00ebrgjigjur. N\u00ebse d\u00ebshironi t\u00eb ushtroni ndonj\u00eb nga k\u00ebto t\u00eb drejta, ju lutemi na kontaktoni.\t\t\t\t\t\t\t\t<\/div>\n\t\t\t\t<\/div>\n\t\t\t\t<div class=\"elementor-element elementor-element-f8a7442 elementor-widget elementor-widget-heading\" data-id=\"f8a7442\" data-element_type=\"widget\" data-e-type=\"widget\" data-widget_type=\"heading.default\">\n\t\t\t\t<div class=\"elementor-widget-container\">\n\t\t\t\t\t<h2 class=\"elementor-heading-title elementor-size-default\">Informacion p\u00ebr F\u00ebmij\u00ebt<\/h2>\t\t\t\t<\/div>\n\t\t\t\t<\/div>\n\t\t\t\t<div class=\"elementor-element elementor-element-2d27a4fc elementor-widget elementor-widget-text-editor\" data-id=\"2d27a4fc\" data-element_type=\"widget\" data-e-type=\"widget\" data-widget_type=\"text-editor.default\">\n\t\t\t\t<div class=\"elementor-widget-container\">\n\t\t\t\t\t\t\t\t\tNj\u00eb pjes\u00eb tjet\u00ebr e prioritetit ton\u00eb \u00ebsht\u00eb shtimi i mbrojtjes p\u00ebr f\u00ebmij\u00ebt gjat\u00eb p\u00ebrdorimit t\u00eb internetit. Ne inkurajojm\u00eb prind\u00ebrit dhe kujdestar\u00ebt t\u00eb v\u00ebzhgojn\u00eb, t\u00eb marrin pjes\u00eb dhe\/ose t\u00eb monitorojn\u00eb dhe drejtojn\u00eb aktivitetin e tyre n\u00eb internet.\n<br><br>\nArkitekti Im nuk mbledh me vet\u00ebdije asnj\u00eb informacion personal t\u00eb identifikuesh\u00ebm nga f\u00ebmij\u00ebt n\u00ebn mosh\u00ebn 13 vje\u00e7. N\u00ebse mendoni se f\u00ebmija juaj ka dh\u00ebn\u00eb k\u00ebt\u00eb lloj informacioni n\u00eb faqen ton\u00eb t\u00eb internetit, ju inkurajojm\u00eb fuqimisht t\u00eb na kontaktoni menj\u00ebher\u00eb dhe ne do t\u00eb b\u00ebjm\u00eb \u00e7do p\u00ebrpjekje p\u00ebr t\u00eb hiqni nj\u00eb informacion t\u00eb till\u00eb nga t\u00eb dh\u00ebnat tona.\t\t\t\t\t\t\t\t<\/div>\n\t\t\t\t<\/div>\n\t\t\t\t\t<\/div>\n\t\t<\/div>\n\t\t\t\t\t<\/div>\n\t\t<\/section>\n\t\t\t\t\t<\/div>\n\t\t<\/div>\n\t\t\t\t\t<\/div>\n\t\t<\/section>\n\t\t\t\t<\/div>\n\t\t","protected":false},"excerpt":{"rendered":"<p>Politika e Privat\u00ebsis\u00eb p\u00ebr Arkitekti Im N\u00eb Arkitekti Im, i aksesuesh\u00ebm nga https:\/\/arkitekti-im.com\/, nj\u00eb nga prioritetet tona kryesore \u00ebsht\u00eb privat\u00ebsia e vizitor\u00ebve tan\u00eb. Ky dokument i Politik\u00ebs s\u00eb Privat\u00ebsis\u00eb p\u00ebrmban lloje t\u00eb informacionit q\u00eb mblidhet dhe regjistrohet nga Arkitekti Im dhe se si ne i p\u00ebrdorim ato. N\u00ebse keni pyetje shtes\u00eb ose k\u00ebrkoni m\u00eb shum\u00eb &hellip;<\/p>\n<p class=\"read-more\"> <a class=\"\" href=\"https:\/\/arkitekti-im.com\/sq\/politika-e-privatesise\/\"> <span class=\"screen-reader-text\">Politika e Privat\u00ebsis\u00eb<\/span> Read More &raquo;<\/a><\/p>\n","protected":false},"author":1,"featured_media":0,"parent":0,"menu_order":0,"comment_status":"closed","ping_status":"closed","template":"","meta":{"site-sidebar-layout":"no-sidebar","site-content-layout":"page-builder","ast-global-header-display":"","ast-main-header-display":"","ast-hfb-above-header-display":"","ast-hfb-below-header-display":"","ast-hfb-mobile-header-display":"","site-post-title":"disabled","ast-breadcrumbs-content":"","ast-featured-img":"disabled","footer-sml-layout":"","theme-transparent-header-meta":"","adv-header-id-meta":"","stick-header-meta":"","header-above-stick-meta":"","header-main-stick-meta":"","header-below-stick-meta":"","_jet_sm_ready_style":"","_jet_sm_style":"","_jet_sm_controls_values":"","_jet_sm_fonts_collection":"","_jet_sm_fonts_links":"","footnotes":""},"class_list":["post-146","page","type-page","status-publish","hentry"],"_links":{"self":[{"href":"https:\/\/arkitekti-im.com\/sq\/wp-json\/wp\/v2\/pages\/146","targetHints":{"allow":["GET"]}}],"collection":[{"href":"https:\/\/arkitekti-im.com\/sq\/wp-json\/wp\/v2\/pages"}],"about":[{"href":"https:\/\/arkitekti-im.com\/sq\/wp-json\/wp\/v2\/types\/page"}],"author":[{"embeddable":true,"href":"https:\/\/arkitekti-im.com\/sq\/wp-json\/wp\/v2\/users\/1"}],"replies":[{"embeddable":true,"href":"https:\/\/arkitekti-im.com\/sq\/wp-json\/wp\/v2\/comments?post=146"}],"version-history":[{"count":0,"href":"https:\/\/arkitekti-im.com\/sq\/wp-json\/wp\/v2\/pages\/146\/revisions"}],"wp:attachment":[{"href":"https:\/\/arkitekti-im.com\/sq\/wp-json\/wp\/v2\/media?parent=146"}],"curies":[{"name":"wp","href":"https:\/\/api.w.org\/{rel}","templated":true}]}}