{"id":131,"date":"2022-11-24T11:46:27","date_gmt":"2022-11-24T11:46:27","guid":{"rendered":"https:\/\/arkitekti-im.com\/?page_id=131"},"modified":"2022-12-01T09:05:27","modified_gmt":"2022-12-01T09:05:27","slug":"termat-dhe-kushtet","status":"publish","type":"page","link":"https:\/\/arkitekti-im.com\/sq\/termat-dhe-kushtet\/","title":{"rendered":"Termat dhe Kushtet"},"content":{"rendered":"\t\t<div data-elementor-type=\"wp-page\" data-elementor-id=\"131\" class=\"elementor elementor-131\" data-elementor-post-type=\"page\">\n\t\t\t\t\t\t<section class=\"elementor-section elementor-top-section elementor-element elementor-element-58ccfc13 elementor-section-full_width elementor-section-height-default elementor-section-height-default\" data-id=\"58ccfc13\" data-element_type=\"section\" data-e-type=\"section\" data-settings=\"{&quot;jet_parallax_layout_list&quot;:[]}\">\n\t\t\t\t\t\t<div class=\"elementor-container elementor-column-gap-default\">\n\t\t\t\t\t<div class=\"elementor-column elementor-col-100 elementor-top-column elementor-element elementor-element-431e1cba\" data-id=\"431e1cba\" data-element_type=\"column\" data-e-type=\"column\">\n\t\t\t<div class=\"elementor-widget-wrap elementor-element-populated\">\n\t\t\t\t\t\t<section class=\"elementor-section elementor-inner-section elementor-element elementor-element-7ec92138 elementor-section-boxed elementor-section-height-default elementor-section-height-default\" data-id=\"7ec92138\" data-element_type=\"section\" data-e-type=\"section\" data-settings=\"{&quot;jet_parallax_layout_list&quot;:[]}\">\n\t\t\t\t\t\t<div class=\"elementor-container elementor-column-gap-default\">\n\t\t\t\t\t<div class=\"elementor-column elementor-col-100 elementor-inner-column elementor-element elementor-element-5f016773\" data-id=\"5f016773\" data-element_type=\"column\" data-e-type=\"column\">\n\t\t\t<div class=\"elementor-widget-wrap elementor-element-populated\">\n\t\t\t\t\t\t<div class=\"elementor-element elementor-element-24a1e56d elementor-widget elementor-widget-heading\" data-id=\"24a1e56d\" data-element_type=\"widget\" data-e-type=\"widget\" data-widget_type=\"heading.default\">\n\t\t\t\t<div class=\"elementor-widget-container\">\n\t\t\t\t\t<h2 class=\"elementor-heading-title elementor-size-default\">Termat dhe Kushtet p\u00ebr Arkitekti Im<\/h2>\t\t\t\t<\/div>\n\t\t\t\t<\/div>\n\t\t\t\t<div class=\"elementor-element elementor-element-4233877f elementor-widget elementor-widget-text-editor\" data-id=\"4233877f\" data-element_type=\"widget\" data-e-type=\"widget\" data-widget_type=\"text-editor.default\">\n\t\t\t\t<div class=\"elementor-widget-container\">\n\t\t\t\t\t\t\t\t\tMir\u00eb se vini n\u00eb Arkitekti Im!\n<br><br>\nK\u00ebto terma dhe kushte p\u00ebrshkruajn\u00eb rregullat dhe rregulloret p\u00ebr p\u00ebrdorimin e faqes s\u00eb internetit t\u00eb Arkitekti Im, e vendosur n\u00eb <a href=\"https:\/\/arkitekti-im.com\/\"> https:\/\/arkitekti-im.com\/<\/a> .\n<br><br>\nDuke hyr\u00eb n\u00eb k\u00ebt\u00eb faqe interneti, ne supozojm\u00eb se ju i pranoni k\u00ebto terma dhe kushte. Mos vazhdoni t\u00eb p\u00ebrdorni Arkitekti Im n\u00ebse nuk pranoni t\u00eb zbatoni t\u00eb gjitha termat dhe kushtet e deklaruara n\u00eb k\u00ebt\u00eb faqe.\n<br><br>\nTerminologjia e m\u00ebposhtme zbatohet p\u00ebr k\u00ebto Kushte dhe Kushte, Deklarat\u00eb t\u00eb Privat\u00ebsis\u00eb dhe Njoftim p\u00ebr Mohim p\u00ebrgjegj\u00ebsie dhe t\u00eb gjitha Marr\u00ebveshjet: &#8220;Klienti&#8221;, &#8220;Ju&#8221; dhe &#8220;Juaj&#8221; ju referohen juve, personit q\u00eb hyni n\u00eb k\u00ebt\u00eb faqe interneti dhe \u00ebsht\u00eb n\u00eb p\u00ebrputhje me termat dhe kushtet e Kompanis\u00eb. &#8220;Kompania&#8221;, &#8220;Vet\u00eb&#8221;, &#8220;Ne&#8221;, &#8220;Yn\u00eb&#8221; dhe &#8220;Ne&#8221;, i referohet kompanis\u00eb son\u00eb. &#8220;Pala&#8221;, &#8220;Pal\u00ebt&#8221;, ose &#8220;Ne&#8221;, i referohet si Klientit ashtu edhe neve. T\u00eb gjitha kushtet i referohen ofert\u00ebs, pranimit dhe shqyrtimit t\u00eb pages\u00ebs t\u00eb nevojshme p\u00ebr t\u00eb nd\u00ebrmarr\u00eb procesin e ndihm\u00ebs son\u00eb ndaj Klientit n\u00eb m\u00ebnyr\u00ebn m\u00eb t\u00eb p\u00ebrshtatshme p\u00ebr q\u00ebllimin e shprehur t\u00eb plot\u00ebsimit t\u00eb nevojave t\u00eb Klientit n\u00eb lidhje me ofrimin e sh\u00ebrbimeve t\u00eb deklaruara t\u00eb Kompanis\u00eb, n\u00eb p\u00ebrputhje me dhe i n\u00ebnshtrohet ligjit n\u00eb fuqi t\u00eb Holand\u00ebs. \u00c7do p\u00ebrdorim i terminologjis\u00eb s\u00eb m\u00ebsip\u00ebrme ose fjal\u00ebve t\u00eb tjera n\u00eb nj\u00ebj\u00ebs, shum\u00ebs, shkronja t\u00eb m\u00ebdha dhe\/ose ai\/ajo ose ato, merren si t\u00eb k\u00ebmbyesh\u00ebm dhe p\u00ebr rrjedhoj\u00eb si referim t\u00eb nj\u00ebjt\u00eb.\t\t\t\t\t\t\t\t<\/div>\n\t\t\t\t<\/div>\n\t\t\t\t<div class=\"elementor-element elementor-element-63f6ce1a elementor-widget elementor-widget-heading\" data-id=\"63f6ce1a\" data-element_type=\"widget\" data-e-type=\"widget\" data-widget_type=\"heading.default\">\n\t\t\t\t<div class=\"elementor-widget-container\">\n\t\t\t\t\t<h3 class=\"elementor-heading-title elementor-size-default\">Cookie-t<\/h3>\t\t\t\t<\/div>\n\t\t\t\t<\/div>\n\t\t\t\t<div class=\"elementor-element elementor-element-55d08b0d elementor-widget elementor-widget-text-editor\" data-id=\"55d08b0d\" data-element_type=\"widget\" data-e-type=\"widget\" data-widget_type=\"text-editor.default\">\n\t\t\t\t<div class=\"elementor-widget-container\">\n\t\t\t\t\t\t\t\t\tNe p\u00ebrdorim p\u00ebrdorimin e cookies. Duke hyr\u00eb n\u00eb Arkitekti Im, ju pranuat t\u00eb p\u00ebrdorni cookie n\u00eb marr\u00ebveshje me Politik\u00ebn e Privat\u00ebsis\u00eb s\u00eb Arkitekti Im.\n<br><br>\nShumica e faqeve interaktive t\u00eb internetit p\u00ebrdorin cookie p\u00ebr t\u00eb na lejuar t\u00eb marrim t\u00eb dh\u00ebnat e p\u00ebrdoruesit p\u00ebr \u00e7do vizit\u00eb. Cookies p\u00ebrdoren nga faqja jon\u00eb e internetit p\u00ebr t\u00eb mund\u00ebsuar funksionalitetin e zonave t\u00eb caktuara p\u00ebr ta b\u00ebr\u00eb m\u00eb t\u00eb leht\u00eb p\u00ebr njer\u00ebzit q\u00eb vizitojn\u00eb faqen ton\u00eb t\u00eb internetit. Disa nga filialet\/partner\u00ebt tan\u00eb reklamues mund t\u00eb p\u00ebrdorin gjithashtu cookie.\t\t\t\t\t\t\t\t<\/div>\n\t\t\t\t<\/div>\n\t\t\t\t<div class=\"elementor-element elementor-element-160dbbea elementor-widget elementor-widget-heading\" data-id=\"160dbbea\" data-element_type=\"widget\" data-e-type=\"widget\" data-widget_type=\"heading.default\">\n\t\t\t\t<div class=\"elementor-widget-container\">\n\t\t\t\t\t<h3 class=\"elementor-heading-title elementor-size-default\">Li\u00e7ens\u00eb<\/h3>\t\t\t\t<\/div>\n\t\t\t\t<\/div>\n\t\t\t\t<div class=\"elementor-element elementor-element-311b4619 elementor-widget elementor-widget-text-editor\" data-id=\"311b4619\" data-element_type=\"widget\" data-e-type=\"widget\" data-widget_type=\"text-editor.default\">\n\t\t\t\t<div class=\"elementor-widget-container\">\n\t\t\t\t\t\t\t\t\tP\u00ebrve\u00e7 n\u00ebse p\u00ebrcaktohet ndryshe, Arkitekti Im dhe\/ose licencuesit e tij zot\u00ebrojn\u00eb t\u00eb drejtat e pron\u00ebsis\u00eb intelektuale p\u00ebr t\u00eb gjith\u00eb materialin n\u00eb Arkitekti Im. T\u00eb gjitha t\u00eb drejtat e pron\u00ebsis\u00eb intelektuale jan\u00eb t\u00eb rezervuara. Ju mund ta p\u00ebrdorni k\u00ebt\u00eb nga Arkitekti Im p\u00ebr p\u00ebrdorimin tuaj personal, duke iu n\u00ebnshtruar kufizimeve t\u00eb p\u00ebrcaktuara n\u00eb k\u00ebto terma dhe kushte.\n\n\nJu nuk duhet:\n<ul>\n \t<li>Ripublikoni materialin nga Arkitekti Im<\/li>\n \t<li>Shitni, jepni me qira ose n\u00ebnlicenconi materiale nga Arkitekti Im<\/li>\n \t<li>Riprodhoni, kopjoni ose kopjoni materiale nga Arkitekti Im<\/li>\n \t<li>Rishp\u00ebrndani p\u00ebrmbajtjen nga Arkitekti Im<\/li>\n<\/ul>\nKjo Marr\u00ebveshje do t\u00eb filloj\u00eb n\u00eb dat\u00ebn e k\u00ebsaj.\n\nPjes\u00eb t\u00eb k\u00ebsaj faqe interneti ofrojn\u00eb nj\u00eb mund\u00ebsi p\u00ebr p\u00ebrdoruesit q\u00eb t\u00eb postojn\u00eb dhe shk\u00ebmbejn\u00eb mendime dhe informacione n\u00eb fusha t\u00eb caktuara t\u00eb faqes s\u00eb internetit. Arkitekti Im nuk filtron, modifikon, publikon ose rishikon komentet para pranis\u00eb s\u00eb tyre n\u00eb faqen e internetit. Komentet nuk pasqyrojn\u00eb pik\u00ebpamjet dhe opinionet e Arkitekti Im, agjent\u00ebve dhe\/ose bashk\u00ebpun\u00ebtor\u00ebve t\u00eb saj. Komentet pasqyrojn\u00eb pik\u00ebpamjet dhe opinionet e personit q\u00eb poston pik\u00ebpamjet dhe opinionet e tyre. N\u00eb mas\u00ebn e lejuar nga ligjet n\u00eb fuqi, Arkitekti Im nuk do t\u00eb jet\u00eb p\u00ebrgjegj\u00ebs p\u00ebr komentet ose p\u00ebr ndonj\u00eb p\u00ebrgjegj\u00ebsi, d\u00ebmtim ose shpenzim t\u00eb shkaktuar dhe\/ose p\u00ebsuar si rezultat i \u00e7do p\u00ebrdorimi dhe\/ose postimi dhe\/ose shfaqja e komenteve n\u00eb k\u00ebt\u00eb faqe interneti.\n\nArkitekti Im rezervon t\u00eb drejt\u00ebn t\u00eb monitoroj\u00eb t\u00eb gjitha komentet dhe t\u00eb heq\u00eb \u00e7do koment q\u00eb mund t\u00eb konsiderohet i pap\u00ebrshtatsh\u00ebm, fyes ose shkakton shkelje t\u00eb k\u00ebtyre Kushteve dhe Kushteve.\n<br><br>\nJu garantoni dhe p\u00ebrfaq\u00ebsoni se:\n<ul>\n \t<li>Ju keni t\u00eb drejt\u00eb t\u00eb postoni komentet n\u00eb faqen ton\u00eb t\u00eb internetit dhe keni t\u00eb gjitha licencat dhe p\u00eblqimet e nevojshme p\u00ebr ta b\u00ebr\u00eb k\u00ebt\u00eb;<\/li>\n \t<li>Komentet nuk cenojn\u00eb asnj\u00eb t\u00eb drejt\u00eb t\u00eb pron\u00ebsis\u00eb intelektuale, duke p\u00ebrfshir\u00eb pa kufizim t\u00eb drejt\u00ebn e autorit, patent\u00ebn ose mark\u00ebn tregtare t\u00eb ndonj\u00eb pale t\u00eb tret\u00eb;<\/li>\n \t<li>Komentet nuk p\u00ebrmbajn\u00eb asnj\u00eb material shpif\u00ebs, shpif\u00ebs, ofendues, t\u00eb pahijsh\u00ebm ose ndryshe t\u00eb paligjsh\u00ebm q\u00eb \u00ebsht\u00eb nj\u00eb cenim i privat\u00ebsis\u00eb<\/li>\n \t<li>Komentet nuk do t\u00eb p\u00ebrdoren p\u00ebr t\u00eb k\u00ebrkuar ose promovuar biznes ose me porosi ose p\u00ebr t\u00eb paraqitur aktivitete tregtare ose aktivitete t\u00eb paligjshme.<\/li>\n<\/ul>\nN\u00eb k\u00ebt\u00eb m\u00ebnyr\u00eb ju i jepni Arkitekti Im nj\u00eb licenc\u00eb joekskluzive p\u00ebr t\u00eb p\u00ebrdorur, riprodhuar, modifikuar dhe autorizuar t\u00eb tjer\u00ebt p\u00ebr t\u00eb p\u00ebrdorur, riprodhuar dhe modifikuar ndonj\u00eb nga komentet tuaja n\u00eb \u00e7do form\u00eb, format ose media.\t\t\t\t\t\t\t\t<\/div>\n\t\t\t\t<\/div>\n\t\t\t\t<div class=\"elementor-element elementor-element-16b92bcf elementor-widget elementor-widget-heading\" data-id=\"16b92bcf\" data-element_type=\"widget\" data-e-type=\"widget\" data-widget_type=\"heading.default\">\n\t\t\t\t<div class=\"elementor-widget-container\">\n\t\t\t\t\t<h2 class=\"elementor-heading-title elementor-size-default\">Hiperlidhja me P\u00ebrmbajtjen Ton\u00eb<\/h2>\t\t\t\t<\/div>\n\t\t\t\t<\/div>\n\t\t\t\t<div class=\"elementor-element elementor-element-566990ec elementor-widget elementor-widget-text-editor\" data-id=\"566990ec\" data-element_type=\"widget\" data-e-type=\"widget\" data-widget_type=\"text-editor.default\">\n\t\t\t\t<div class=\"elementor-widget-container\">\n\t\t\t\t\t\t\t\t\tOrganizatat e m\u00ebposhtme mund t\u00eb lidhen me faqen ton\u00eb t\u00eb internetit pa miratim paraprak me shkrim:\n<ul>\n <li>Agjencit\u00eb qeveritare;<\/li>\n <li>Motor\u00ebt e k\u00ebrkimit;<\/li>\n <li>Organizatat e lajmeve;<\/li>\n <li>Shp\u00ebrndar\u00ebsit e direktoriumeve n\u00eb internet mund t\u00eb lidhen me faqen ton\u00eb t\u00eb internetit n\u00eb t\u00eb nj\u00ebjt\u00ebn m\u00ebnyr\u00eb si\u00e7 lidhen me faqet e internetit t\u00eb bizneseve t\u00eb tjera t\u00eb listuara; dhe<\/li>\n <li>Bizneset e akredituara n\u00eb t\u00eb gjith\u00eb sistemin, p\u00ebrve\u00e7 k\u00ebrkimit t\u00eb organizatave jofitimprur\u00ebse, qendrave tregtare bamir\u00ebsie dhe grupeve p\u00ebr mbledhjen e fondeve bamir\u00ebsie, t\u00eb cilat mund t\u00eb mos lidhen me faqen ton\u00eb t\u00eb internetit.<\/li>\n<\/ul> <br>\nK\u00ebto organizata mund t\u00eb lidhen me faqen ton\u00eb kryesore, me botime ose me informacione t\u00eb tjera t\u00eb Uebsajtit p\u00ebr sa koh\u00eb q\u00eb lidhja: (a) nuk \u00ebsht\u00eb n\u00eb asnj\u00eb m\u00ebnyr\u00eb mashtruese; (b) nuk n\u00ebnkupton n\u00eb m\u00ebnyr\u00eb t\u00eb rreme sponsorizimin, miratimin ose miratimin e pal\u00ebs lidh\u00ebse dhe produkteve dhe\/ose sh\u00ebrbimeve t\u00eb saj; dhe (c) p\u00ebrshtatet brenda kontekstit t\u00eb sajtit t\u00eb pal\u00ebs lidh\u00ebse.\n\nNe mund t\u00eb shqyrtojm\u00eb dhe t\u00eb miratojm\u00eb k\u00ebrkesa t\u00eb tjera p\u00ebr lidhje nga llojet e m\u00ebposhtme t\u00eb organizatave:\n<ul>\n <li>burimet e zakonshme t\u00eb informacionit p\u00ebr konsumatorin dhe\/ose biznesin;<\/li>\n <li>sajtet e komunitetit dot.com;<\/li>\n <li>shoqata ose grupe t\u00eb tjera q\u00eb p\u00ebrfaq\u00ebsojn\u00eb bamir\u00ebsi;<\/li>\n <li>shp\u00ebrndar\u00ebsit e drejtorive n\u00eb internet;<\/li>\n <li>portalet e internetit;<\/li>\n <li>kontabilitet, kompani ligjore dhe konsulente; dhe<\/li>\n <li>institucione arsimore dhe shoqata tregtare.<\/li>\n<\/ul>\nNe do t\u00eb miratojm\u00eb k\u00ebrkesat p\u00ebr lidhje nga k\u00ebto organizata n\u00ebse vendosim q\u00eb: (a) lidhja nuk do t\u00eb na b\u00ebnte t\u00eb dukemi t\u00eb pafavorsh\u00ebm p\u00ebr veten ose bizneset tona t\u00eb akredituara; (b) organizata nuk ka t\u00eb dh\u00ebna negative me ne; (c) p\u00ebrfitimi p\u00ebr ne nga dukshm\u00ebria e hiperlidhjes kompenson munges\u00ebn e Arkitekti Im; dhe (d) lidhja \u00ebsht\u00eb n\u00eb kontekstin e informacionit t\u00eb burimeve t\u00eb p\u00ebrgjithshme.\n\nK\u00ebto organizata mund t\u00eb lidhen me faqen ton\u00eb kryesore p\u00ebr sa koh\u00eb q\u00eb lidhja: (a) nuk \u00ebsht\u00eb n\u00eb asnj\u00eb m\u00ebnyr\u00eb mashtruese; (b) nuk n\u00ebnkupton n\u00eb m\u00ebnyr\u00eb t\u00eb rreme sponsorizimin, miratimin ose miratimin e pal\u00ebs lidh\u00ebse dhe produkteve ose sh\u00ebrbimeve t\u00eb saj; dhe (c) p\u00ebrshtatet brenda kontekstit t\u00eb sajtit t\u00eb pal\u00ebs lidh\u00ebse.\n\nN\u00ebse jeni nj\u00eb nga organizatat e listuara n\u00eb paragrafin 2 m\u00eb sip\u00ebr dhe jeni t\u00eb interesuar t\u00eb lidheni me faqen ton\u00eb t\u00eb internetit, duhet t\u00eb na informoni duke d\u00ebrguar nj\u00eb e-mail n\u00eb Arkitekti Im. Ju lutemi p\u00ebrfshini emrin tuaj, emrin e organizat\u00ebs suaj, informacionin e kontaktit si dhe URL-n\u00eb e faqes tuaj, nj\u00eb list\u00eb t\u00eb \u00e7do URL-je nga e cila keni nd\u00ebrmend t\u00eb lidheni me faqen ton\u00eb t\u00eb internetit dhe nj\u00eb list\u00eb t\u00eb URL-ve n\u00eb faqen ton\u00eb n\u00eb t\u00eb cilat d\u00ebshironi t\u00eb lidhje. Prisni 2-3 jav\u00eb p\u00ebr nj\u00eb p\u00ebrgjigje.\n\nOrganizatat e miratuara mund t\u00eb lidhen me faqen ton\u00eb t\u00eb internetit si m\u00eb posht\u00eb:\n<ul>\n <li>Me p\u00ebrdorimin e emrit ton\u00eb t\u00eb korporat\u00ebs; ose<\/li>\n <li>Me p\u00ebrdorimin e gjet\u00ebsit uniform t\u00eb burimeve q\u00eb lidhen me; ose<\/li>\n <li>P\u00ebrdorimi i \u00e7do p\u00ebrshkrimi tjet\u00ebr t\u00eb faqes son\u00eb t\u00eb internetit q\u00eb lidhet me k\u00ebt\u00eb ka kuptim brenda kontekstit dhe formatit t\u00eb p\u00ebrmbajtjes n\u00eb sajtin e pal\u00ebs lidh\u00ebse.<\/li>\n<\/ul>\nNuk do t\u00eb lejohet p\u00ebrdorimi i logos s\u00eb Arkitekti Im ose veprave t\u00eb tjera artistike p\u00ebr lidhjen n\u00eb munges\u00eb t\u00eb nj\u00eb marr\u00ebveshjeje licence p\u00ebr mark\u00ebn tregtare.\t\t\t\t\t\t\t\t<\/div>\n\t\t\t\t<\/div>\n\t\t\t\t<div class=\"elementor-element elementor-element-43c174d4 elementor-widget elementor-widget-heading\" data-id=\"43c174d4\" data-element_type=\"widget\" data-e-type=\"widget\" data-widget_type=\"heading.default\">\n\t\t\t\t<div class=\"elementor-widget-container\">\n\t\t\t\t\t<h2 class=\"elementor-heading-title elementor-size-default\">iFrame-t<\/h2>\t\t\t\t<\/div>\n\t\t\t\t<\/div>\n\t\t\t\t<div class=\"elementor-element elementor-element-1744dbe0 elementor-widget elementor-widget-text-editor\" data-id=\"1744dbe0\" data-element_type=\"widget\" data-e-type=\"widget\" data-widget_type=\"text-editor.default\">\n\t\t\t\t<div class=\"elementor-widget-container\">\n\t\t\t\t\t\t\t\t\tWithout prior approval and written permission, you may not create frames around our Webpages that alter in any way the visual presentation or appearance of our Website.\t\t\t\t\t\t\t\t<\/div>\n\t\t\t\t<\/div>\n\t\t\t\t<div class=\"elementor-element elementor-element-60134ec9 elementor-widget elementor-widget-heading\" data-id=\"60134ec9\" data-element_type=\"widget\" data-e-type=\"widget\" data-widget_type=\"heading.default\">\n\t\t\t\t<div class=\"elementor-widget-container\">\n\t\t\t\t\t<h2 class=\"elementor-heading-title elementor-size-default\">P\u00ebrgjegj\u00ebsia p\u00ebr P\u00ebrmbajtjen<\/h2>\t\t\t\t<\/div>\n\t\t\t\t<\/div>\n\t\t\t\t<div class=\"elementor-element elementor-element-19ceda6b elementor-widget elementor-widget-text-editor\" data-id=\"19ceda6b\" data-element_type=\"widget\" data-e-type=\"widget\" data-widget_type=\"text-editor.default\">\n\t\t\t\t<div class=\"elementor-widget-container\">\n\t\t\t\t\t\t\t\t\tNe nuk do t\u00eb mbajm\u00eb p\u00ebrgjegj\u00ebsi p\u00ebr \u00e7do p\u00ebrmbajtje q\u00eb shfaqet n\u00eb faqen tuaj t\u00eb internetit. Ju pranoni t\u00eb na mbroni dhe na mbroni kund\u00ebr t\u00eb gjitha pretendimeve q\u00eb ngrihen n\u00eb faqen tuaj t\u00eb internetit. Asnj\u00eb lidhje (lidhje) nuk duhet t\u00eb shfaqet n\u00eb asnj\u00eb faqe interneti q\u00eb mund t\u00eb interpretohet si shpif\u00ebse, e turpshme ose kriminale, ose q\u00eb cenon, p\u00ebrndryshe shkel ose mbron shkeljen ose shkeljen tjet\u00ebr t\u00eb ndonj\u00eb t\u00eb drejte t\u00eb pal\u00ebs s\u00eb tret\u00eb.\t\t\t\t\t\t\t\t<\/div>\n\t\t\t\t<\/div>\n\t\t\t\t<div class=\"elementor-element elementor-element-1d6ccc8a elementor-widget elementor-widget-heading\" data-id=\"1d6ccc8a\" data-element_type=\"widget\" data-e-type=\"widget\" data-widget_type=\"heading.default\">\n\t\t\t\t<div class=\"elementor-widget-container\">\n\t\t\t\t\t<h2 class=\"elementor-heading-title elementor-size-default\">Privat\u00ebsia Juaj<\/h2>\t\t\t\t<\/div>\n\t\t\t\t<\/div>\n\t\t\t\t<div class=\"elementor-element elementor-element-28d8c61 elementor-widget elementor-widget-text-editor\" data-id=\"28d8c61\" data-element_type=\"widget\" data-e-type=\"widget\" data-widget_type=\"text-editor.default\">\n\t\t\t\t<div class=\"elementor-widget-container\">\n\t\t\t\t\t\t\t\t\tJu lutemi lexoni <a href=\"https:\/\/arkitekti-im.com\/privacy-policy\">Politik\u00ebn e Privat\u00ebsis\u00eb<\/a>.\t\t\t\t\t\t\t\t<\/div>\n\t\t\t\t<\/div>\n\t\t\t\t<div class=\"elementor-element elementor-element-77046aaf elementor-widget elementor-widget-heading\" data-id=\"77046aaf\" data-element_type=\"widget\" data-e-type=\"widget\" data-widget_type=\"heading.default\">\n\t\t\t\t<div class=\"elementor-widget-container\">\n\t\t\t\t\t<h2 class=\"elementor-heading-title elementor-size-default\">Rezervimi i t\u00eb Drejtave<\/h2>\t\t\t\t<\/div>\n\t\t\t\t<\/div>\n\t\t\t\t<div class=\"elementor-element elementor-element-3c23ad72 elementor-widget elementor-widget-text-editor\" data-id=\"3c23ad72\" data-element_type=\"widget\" data-e-type=\"widget\" data-widget_type=\"text-editor.default\">\n\t\t\t\t<div class=\"elementor-widget-container\">\n\t\t\t\t\t\t\t\t\tNe rezervojm\u00eb t\u00eb drejt\u00ebn t\u00eb k\u00ebrkojm\u00eb q\u00eb ju t\u00eb hiqni t\u00eb gjitha lidhjet ose ndonj\u00eb lidhje t\u00eb ve\u00e7ant\u00eb n\u00eb faqen ton\u00eb t\u00eb internetit. Ju miratoni t\u00eb hiqni menj\u00ebher\u00eb t\u00eb gjitha lidhjet n\u00eb faqen ton\u00eb t\u00eb internetit sipas k\u00ebrkes\u00ebs. Ne gjithashtu rezervojm\u00eb t\u00eb drejt\u00ebn t\u00eb respektojm\u00eb k\u00ebto terma dhe kushte dhe po lidh politik\u00ebn n\u00eb \u00e7do koh\u00eb. Duke u lidhur vazhdimisht me faqen ton\u00eb t\u00eb internetit, ju pranoni t\u00eb jeni t\u00eb detyruar dhe t\u00eb ndiqni k\u00ebto terma dhe kushte t\u00eb lidhjes.\t\t\t\t\t\t\t\t<\/div>\n\t\t\t\t<\/div>\n\t\t\t\t<div class=\"elementor-element elementor-element-5fa7f828 elementor-widget elementor-widget-heading\" data-id=\"5fa7f828\" data-element_type=\"widget\" data-e-type=\"widget\" data-widget_type=\"heading.default\">\n\t\t\t\t<div class=\"elementor-widget-container\">\n\t\t\t\t\t<h2 class=\"elementor-heading-title elementor-size-default\">Heqja e lidhjeve nga faqja jon\u00eb e internetit<\/h2>\t\t\t\t<\/div>\n\t\t\t\t<\/div>\n\t\t\t\t<div class=\"elementor-element elementor-element-5765071d elementor-widget elementor-widget-text-editor\" data-id=\"5765071d\" data-element_type=\"widget\" data-e-type=\"widget\" data-widget_type=\"text-editor.default\">\n\t\t\t\t<div class=\"elementor-widget-container\">\n\t\t\t\t\t\t\t\t\tN\u00ebse gjeni ndonj\u00eb lidhje n\u00eb faqen ton\u00eb t\u00eb internetit q\u00eb \u00ebsht\u00eb fyese p\u00ebr ndonj\u00eb arsye, jeni t\u00eb lir\u00eb t\u00eb na kontaktoni dhe t\u00eb na informoni n\u00eb \u00e7do moment. Ne do t&#8217;i shqyrtojm\u00eb k\u00ebrkesat p\u00ebr heqjen e lidhjeve, por nuk jemi t\u00eb detyruar ose t&#8217;ju p\u00ebrgjigjemi drejtp\u00ebrdrejt.\n<br> <br>\nNe nuk sigurojm\u00eb q\u00eb informacioni n\u00eb k\u00ebt\u00eb faqe interneti \u00ebsht\u00eb i sakt\u00eb, ne nuk garantojm\u00eb plot\u00ebsin\u00eb ose sakt\u00ebsin\u00eb e tij; as nuk premtojm\u00eb t\u00eb sigurojm\u00eb q\u00eb faqja e internetit t\u00eb mbetet e disponueshme ose q\u00eb materiali n\u00eb faqen e internetit t\u00eb mbahet i p\u00ebrdit\u00ebsuar.\t\t\t\t\t\t\t\t<\/div>\n\t\t\t\t<\/div>\n\t\t\t\t<div class=\"elementor-element elementor-element-140be862 elementor-widget elementor-widget-heading\" data-id=\"140be862\" data-element_type=\"widget\" data-e-type=\"widget\" data-widget_type=\"heading.default\">\n\t\t\t\t<div class=\"elementor-widget-container\">\n\t\t\t\t\t<h2 class=\"elementor-heading-title elementor-size-default\">Mohim p\u00ebrgjegj\u00ebsie<\/h2>\t\t\t\t<\/div>\n\t\t\t\t<\/div>\n\t\t\t\t<div class=\"elementor-element elementor-element-64984496 elementor-widget elementor-widget-text-editor\" data-id=\"64984496\" data-element_type=\"widget\" data-e-type=\"widget\" data-widget_type=\"text-editor.default\">\n\t\t\t\t<div class=\"elementor-widget-container\">\n\t\t\t\t\t\t\t\t\tN\u00eb mas\u00ebn maksimale t\u00eb lejuar nga ligji n\u00eb fuqi, ne p\u00ebrjashtojm\u00eb t\u00eb gjitha p\u00ebrfaq\u00ebsimet, garancit\u00eb dhe kushtet n\u00eb lidhje me faqen ton\u00eb t\u00eb internetit dhe p\u00ebrdorimin e k\u00ebsaj faqe interneti. Asgj\u00eb n\u00eb k\u00ebt\u00eb mohim nuk do t\u00eb:\n<ul>\n <li>kufizoni ose p\u00ebrjashtoni p\u00ebrgjegj\u00ebsin\u00eb ton\u00eb ose tuaj p\u00ebr vdekje ose l\u00ebndim personal;<\/li>\n <li>kufizoni ose p\u00ebrjashtoni p\u00ebrgjegj\u00ebsin\u00eb ton\u00eb ose tuaj p\u00ebr mashtrim ose keqinterpretim mashtrues;<\/li>\n <li>kufizoni ndonj\u00eb nga detyrimet tona ose tuajat n\u00eb \u00e7far\u00ebdo m\u00ebnyre q\u00eb nuk lejohet sipas ligjit n\u00eb fuqi; ose<\/li>\n <li>p\u00ebrjashtoni ndonj\u00eb nga detyrimet tona ose tuajat q\u00eb nuk mund t\u00eb p\u00ebrjashtohen sipas ligjit n\u00eb fuqi.<\/li>\n<\/ul>\nKufizimet dhe ndalimet e p\u00ebrgjegj\u00ebsis\u00eb t\u00eb vendosura n\u00eb k\u00ebt\u00eb seksion dhe gjetk\u00eb n\u00eb k\u00ebt\u00eb mohim: (a) i n\u00ebnshtrohen paragrafit t\u00eb m\u00ebsip\u00ebrm; dhe (b) qeverisin t\u00eb gjitha detyrimet q\u00eb lindin sipas mohimit, duke p\u00ebrfshir\u00eb detyrimet q\u00eb lindin n\u00eb kontrat\u00eb, n\u00eb d\u00ebm dhe p\u00ebr shkelje t\u00eb detyr\u00ebs ligjore.\n\nP\u00ebr sa koh\u00eb q\u00eb faqja e internetit dhe informacioni dhe sh\u00ebrbimet n\u00eb faqen e internetit ofrohen pa pages\u00eb, ne nuk do t\u00eb jemi p\u00ebrgjegj\u00ebs p\u00ebr asnj\u00eb humbje ose d\u00ebmtim t\u00eb \u00e7far\u00ebdo natyre.\t\t\t\t\t\t\t\t<\/div>\n\t\t\t\t<\/div>\n\t\t\t\t\t<\/div>\n\t\t<\/div>\n\t\t\t\t\t<\/div>\n\t\t<\/section>\n\t\t\t\t\t<\/div>\n\t\t<\/div>\n\t\t\t\t\t<\/div>\n\t\t<\/section>\n\t\t\t\t<\/div>\n\t\t","protected":false},"excerpt":{"rendered":"<p>Termat dhe Kushtet p\u00ebr Arkitekti Im Mir\u00eb se vini n\u00eb Arkitekti Im! K\u00ebto terma dhe kushte p\u00ebrshkruajn\u00eb rregullat dhe rregulloret p\u00ebr p\u00ebrdorimin e faqes s\u00eb internetit t\u00eb Arkitekti Im, e vendosur n\u00eb https:\/\/arkitekti-im.com\/ . Duke hyr\u00eb n\u00eb k\u00ebt\u00eb faqe interneti, ne supozojm\u00eb se ju i pranoni k\u00ebto terma dhe kushte. Mos vazhdoni t\u00eb p\u00ebrdorni Arkitekti &hellip;<\/p>\n<p class=\"read-more\"> <a class=\"\" href=\"https:\/\/arkitekti-im.com\/sq\/termat-dhe-kushtet\/\"> <span class=\"screen-reader-text\">Termat dhe Kushtet<\/span> Read More &raquo;<\/a><\/p>\n","protected":false},"author":1,"featured_media":0,"parent":0,"menu_order":0,"comment_status":"closed","ping_status":"closed","template":"","meta":{"site-sidebar-layout":"no-sidebar","site-content-layout":"page-builder","ast-global-header-display":"","ast-main-header-display":"","ast-hfb-above-header-display":"","ast-hfb-below-header-display":"","ast-hfb-mobile-header-display":"","site-post-title":"disabled","ast-breadcrumbs-content":"","ast-featured-img":"disabled","footer-sml-layout":"","theme-transparent-header-meta":"","adv-header-id-meta":"","stick-header-meta":"","header-above-stick-meta":"","header-main-stick-meta":"","header-below-stick-meta":"","_jet_sm_ready_style":"","_jet_sm_style":"","_jet_sm_controls_values":"","_jet_sm_fonts_collection":"","_jet_sm_fonts_links":"","footnotes":""},"class_list":["post-131","page","type-page","status-publish","hentry"],"_links":{"self":[{"href":"https:\/\/arkitekti-im.com\/sq\/wp-json\/wp\/v2\/pages\/131","targetHints":{"allow":["GET"]}}],"collection":[{"href":"https:\/\/arkitekti-im.com\/sq\/wp-json\/wp\/v2\/pages"}],"about":[{"href":"https:\/\/arkitekti-im.com\/sq\/wp-json\/wp\/v2\/types\/page"}],"author":[{"embeddable":true,"href":"https:\/\/arkitekti-im.com\/sq\/wp-json\/wp\/v2\/users\/1"}],"replies":[{"embeddable":true,"href":"https:\/\/arkitekti-im.com\/sq\/wp-json\/wp\/v2\/comments?post=131"}],"version-history":[{"count":0,"href":"https:\/\/arkitekti-im.com\/sq\/wp-json\/wp\/v2\/pages\/131\/revisions"}],"wp:attachment":[{"href":"https:\/\/arkitekti-im.com\/sq\/wp-json\/wp\/v2\/media?parent=131"}],"curies":[{"name":"wp","href":"https:\/\/api.w.org\/{rel}","templated":true}]}}