{"id":171,"date":"2022-11-24T12:27:44","date_gmt":"2022-11-24T12:27:44","guid":{"rendered":"https:\/\/arkitekti-im.com\/?page_id=171"},"modified":"2022-12-17T13:43:11","modified_gmt":"2022-12-17T13:43:11","slug":"imprint","status":"publish","type":"page","link":"https:\/\/arkitekti-im.com\/en\/imprint\/","title":{"rendered":"Imprint"},"content":{"rendered":"<div data-elementor-type=\"wp-page\" data-elementor-id=\"171\" class=\"elementor elementor-171\" data-elementor-post-type=\"page\">\n\t\t\t\t\t\t<section class=\"elementor-section elementor-top-section elementor-element elementor-element-72d0310f elementor-section-full_width elementor-section-height-default elementor-section-height-default\" data-id=\"72d0310f\" data-element_type=\"section\" data-e-type=\"section\" data-settings=\"{&quot;jet_parallax_layout_list&quot;:[]}\">\n\t\t\t\t\t\t<div class=\"elementor-container elementor-column-gap-default\">\n\t\t\t\t\t<div class=\"elementor-column elementor-col-100 elementor-top-column elementor-element elementor-element-6774a748\" data-id=\"6774a748\" data-element_type=\"column\" data-e-type=\"column\">\n\t\t\t<div class=\"elementor-widget-wrap elementor-element-populated\">\n\t\t\t\t\t\t<section class=\"elementor-section elementor-inner-section elementor-element elementor-element-642cd4e2 elementor-section-boxed elementor-section-height-default elementor-section-height-default\" data-id=\"642cd4e2\" data-element_type=\"section\" data-e-type=\"section\" data-settings=\"{&quot;jet_parallax_layout_list&quot;:[]}\">\n\t\t\t\t\t\t<div class=\"elementor-container elementor-column-gap-default\">\n\t\t\t\t\t<div class=\"elementor-column elementor-col-100 elementor-inner-column elementor-element elementor-element-3a0fe04f\" data-id=\"3a0fe04f\" data-element_type=\"column\" data-e-type=\"column\">\n\t\t\t<div class=\"elementor-widget-wrap elementor-element-populated\">\n\t\t\t\t\t\t<div class=\"elementor-element elementor-element-124e5573 elementor-widget elementor-widget-heading\" data-id=\"124e5573\" data-element_type=\"widget\" data-e-type=\"widget\" data-widget_type=\"heading.default\">\n\t\t\t\t<div class=\"elementor-widget-container\">\n\t\t\t\t\t<h2 class=\"elementor-heading-title elementor-size-default\">Imprint for Arkitekti Im<\/h2>\t\t\t\t<\/div>\n\t\t\t\t<\/div>\n\t\t\t\t<div class=\"elementor-element elementor-element-1a5db4f0 elementor-widget elementor-widget-heading\" data-id=\"1a5db4f0\" data-element_type=\"widget\" data-e-type=\"widget\" data-widget_type=\"heading.default\">\n\t\t\t\t<div class=\"elementor-widget-container\">\n\t\t\t\t\t<h3 class=\"elementor-heading-title elementor-size-default\">Informacion<\/h3>\t\t\t\t<\/div>\n\t\t\t\t<\/div>\n\t\t\t\t<div class=\"elementor-element elementor-element-7e00cdc elementor-widget elementor-widget-text-editor\" data-id=\"7e00cdc\" data-element_type=\"widget\" data-e-type=\"widget\" data-widget_type=\"text-editor.default\">\n\t\t\t\t<div class=\"elementor-widget-container\">\n\t\t\t\t\t\t\t\t\t<p><span style=\"font-style: inherit; font-weight: inherit; color: var( --e-global-color-secondary ); background-color: var( --e-global-color-d1223c6 );\">Address:\u00a0<\/span><a style=\"font-style: inherit; font-weight: inherit;\" href=\"https:\/\/goo.gl\/maps\/PeupyQ9JNk3N4Rd26\" target=\"_blank\" rel=\"noopener\">Rruga Ismail Qemali 30, Tiran\u00eb<\/a><\/p><p><span style=\"font-style: inherit; font-weight: inherit; color: var( --e-global-color-secondary ); background-color: var( --e-global-color-d1223c6 );\">Postcode:\u00a0<\/span><span style=\"font-style: inherit; font-weight: inherit; color: var( --e-global-color-secondary ); background-color: var( --e-global-color-d1223c6 );\">10001<\/span><\/p><p><span style=\"font-style: inherit; font-weight: inherit; color: var( --e-global-color-secondary ); background-color: var( --e-global-color-d1223c6 );\">Phone:\u00a0<\/span><span style=\"font-style: inherit; font-weight: inherit; color: var( --e-global-color-secondary ); background-color: var( --e-global-color-d1223c6 );\">+355 69 40 12132<\/span><\/p><p><span style=\"font-style: inherit; font-weight: inherit; color: var( --e-global-color-secondary ); background-color: var( --e-global-color-d1223c6 );\">E-mail:\u00a0<\/span><span style=\"font-style: inherit; font-weight: inherit; color: var( --e-global-color-secondary ); background-color: var( --e-global-color-d1223c6 );\">info@arkitekti-im.com<\/span><\/p>\t\t\t\t\t\t\t\t<\/div>\n\t\t\t\t<\/div>\n\t\t\t\t<div class=\"elementor-element elementor-element-9c58af2 elementor-widget elementor-widget-heading\" data-id=\"9c58af2\" data-element_type=\"widget\" data-e-type=\"widget\" data-widget_type=\"heading.default\">\n\t\t\t\t<div class=\"elementor-widget-container\">\n\t\t\t\t\t<h3 class=\"elementor-heading-title elementor-size-default\">Disclaimer<\/h3>\t\t\t\t<\/div>\n\t\t\t\t<\/div>\n\t\t\t\t<div class=\"elementor-element elementor-element-21cd937f elementor-widget elementor-widget-text-editor\" data-id=\"21cd937f\" data-element_type=\"widget\" data-e-type=\"widget\" data-widget_type=\"text-editor.default\">\n\t\t\t\t<div class=\"elementor-widget-container\">\n\t\t\t\t\t\t\t\t\t<span style=\"text-decoration: underline;\">Liability for content<\/span>\n<br> <br>\nAll content on our website was created with the greatest care and to the best of our knowledge. However, we cannot guarantee that the content is correct, complete or up-to-date. As a service provider, we are responsible for our own content on these pages according to Section 7, Paragraph 1 of the German Telemedia Act (TMG). According to \u00a7\u00a7 8 to 10 TMG, however, we as a service provider are not obliged to monitor transmitted or stored third-party information or to investigate circumstances that indicate illegal activity. Obligations to remove or block the use of information according to general laws remain unaffected.\n<br> <br>\nHowever, liability in this regard is only possible from the point in time at which knowledge of a specific infringement of the law is obtained. As soon as we become aware of the above infringements, we will remove this content immediately.\t\t\t\t\t\t\t\t<\/div>\n\t\t\t\t<\/div>\n\t\t\t\t<div class=\"elementor-element elementor-element-30b75961 elementor-widget elementor-widget-text-editor\" data-id=\"30b75961\" data-element_type=\"widget\" data-e-type=\"widget\" data-widget_type=\"text-editor.default\">\n\t\t\t\t<div class=\"elementor-widget-container\">\n\t\t\t\t\t\t\t\t\t<span style=\"text-decoration: underline;\">Limitation of Liability for External Links<\/span>\n<br> <br>\nOur website contains links to external third-party websites. We have no influence on the content of these directly or indirectly linked websites. For this reason, we cannot assume any liability for the correctness of the content of the \"external links\". The respective providers or operators (authors) of the pages are responsible for the content of the external links.\n<br> <br>\nThe external links were checked for possible legal violations at the time the link was set and were free of illegal content at the time the link was set. A constant review of the content of the external links is not possible without concrete evidence of an infringement. In the case of direct or indirect links to third-party websites that are outside our area of \u200b\u200bresponsibility, liability would only exist if we became aware of the content and it was technically possible and reasonable for us to prevent use in the event of illegal content .\n<br> <br>\nThis disclaimer of liability also applies to links and references set by questioners, blog posts and guests of the discussion forum on our own website \" name of your domain \". The service provider of the page to which reference was made is solely liable for illegal, incorrect or incomplete content and in particular for damage resulting from the use or non-use of such information, not the person who merely refers to the respective publication via links. <br> <br> \nIf we become aware of any legal violations, we will remove the external links immediately.\t\t\t\t\t\t\t\t<\/div>\n\t\t\t\t<\/div>\n\t\t\t\t<div class=\"elementor-element elementor-element-6cd2d18a elementor-widget elementor-widget-text-editor\" data-id=\"6cd2d18a\" data-element_type=\"widget\" data-e-type=\"widget\" data-widget_type=\"text-editor.default\">\n\t\t\t\t<div class=\"elementor-widget-container\">\n\t\t\t\t\t\t\t\t\t<span style=\"text-decoration: underline;\">Copyright<\/span>\n<br> <br>\nThe content and works published on our website are subject to German copyright law (<a href=\"http:\/\/www.gesetze-im-internet.de\/bundesrecht\/urhg\/gesamt.pdf\" target=\"_blank\" rel=\"noopener\">http:\/\/www.gesetze-im-internet.de\/bundesrecht\/urhg\/gesamt.pdf<\/a>) . The duplication, processing, distribution and any kind of exploitation of the intellectual property in the ideal and material point of view of the author outside the limits of copyright require the prior written consent of the respective author iSd copyright law (<a href=\"http:\/\/www. gesetze-im-internet.de\/bundesrecht\/urhg\/gesamt.pdf\" target=\"_blank\" rel=\"noopener\">http:\/\/www. gesetze-im-internet.de\/bundesrecht\/urhg\/gesamt.pdf<\/a> ). Downloads and copies of this site are only permitted for private and non-commercial use. If the content on our website was not created by us, the copyrights of third parties must be observed. The contents of third parties are marked as such. Should you nevertheless become aware of a copyright infringement, we ask that you inform us accordingly. As soon as we become aware of legal violations, we will remove such content immediately.\t\t\t\t\t\t\t\t<\/div>\n\t\t\t\t<\/div>\n\t\t\t\t\t<\/div>\n\t\t<\/div>\n\t\t\t\t\t<\/div>\n\t\t<\/section>\n\t\t\t\t\t<\/div>\n\t\t<\/div>\n\t\t\t\t\t<\/div>\n\t\t<\/section>\n\t\t\t\t<\/div>","protected":false},"excerpt":{"rendered":"<p>Imprint p\u00ebr Arkitekti Im Informacion Adresa:\u00a0Rruga Ismail Qemali 30, Tiran\u00eb Kodi Postar:\u00a010001 Telefoni:\u00a0+355 69 40 12132 E-mail:\u00a0info@arkitekti-im.com Mohim P\u00ebrgjegj\u00ebsia p\u00ebr p\u00ebrmbajtjen E gjith\u00eb p\u00ebrmbajtja n\u00eb faqen ton\u00eb t\u00eb internetit \u00ebsht\u00eb krijuar me kujdesin m\u00eb t\u00eb madh dhe sipas njohurive tona. Megjithat\u00eb, ne nuk mund t\u00eb garantojm\u00eb q\u00eb p\u00ebrmbajtja \u00ebsht\u00eb e sakt\u00eb, e plot\u00eb ose e &hellip;<\/p>\n<p class=\"read-more\"> <a class=\"\" href=\"https:\/\/arkitekti-im.com\/en\/imprint\/\"> <span class=\"screen-reader-text\">Imprint<\/span> Read More &raquo;<\/a><\/p>","protected":false},"author":1,"featured_media":0,"parent":0,"menu_order":0,"comment_status":"closed","ping_status":"closed","template":"","meta":{"site-sidebar-layout":"no-sidebar","site-content-layout":"page-builder","ast-global-header-display":"","ast-main-header-display":"","ast-hfb-above-header-display":"","ast-hfb-below-header-display":"","ast-hfb-mobile-header-display":"","site-post-title":"disabled","ast-breadcrumbs-content":"","ast-featured-img":"disabled","footer-sml-layout":"","theme-transparent-header-meta":"","adv-header-id-meta":"","stick-header-meta":"","header-above-stick-meta":"","header-main-stick-meta":"","header-below-stick-meta":"","_jet_sm_ready_style":"","_jet_sm_style":"","_jet_sm_controls_values":"","_jet_sm_fonts_collection":"","_jet_sm_fonts_links":"","footnotes":""},"class_list":["post-171","page","type-page","status-publish","hentry"],"_links":{"self":[{"href":"https:\/\/arkitekti-im.com\/en\/wp-json\/wp\/v2\/pages\/171","targetHints":{"allow":["GET"]}}],"collection":[{"href":"https:\/\/arkitekti-im.com\/en\/wp-json\/wp\/v2\/pages"}],"about":[{"href":"https:\/\/arkitekti-im.com\/en\/wp-json\/wp\/v2\/types\/page"}],"author":[{"embeddable":true,"href":"https:\/\/arkitekti-im.com\/en\/wp-json\/wp\/v2\/users\/1"}],"replies":[{"embeddable":true,"href":"https:\/\/arkitekti-im.com\/en\/wp-json\/wp\/v2\/comments?post=171"}],"version-history":[{"count":4,"href":"https:\/\/arkitekti-im.com\/en\/wp-json\/wp\/v2\/pages\/171\/revisions"}],"predecessor-version":[{"id":2553,"href":"https:\/\/arkitekti-im.com\/en\/wp-json\/wp\/v2\/pages\/171\/revisions\/2553"}],"wp:attachment":[{"href":"https:\/\/arkitekti-im.com\/en\/wp-json\/wp\/v2\/media?parent=171"}],"curies":[{"name":"wp","href":"https:\/\/api.w.org\/{rel}","templated":true}]}}