{"id":146,"date":"2022-11-24T12:03:36","date_gmt":"2022-11-24T12:03:36","guid":{"rendered":"https:\/\/arkitekti-im.com\/?page_id=146"},"modified":"2022-12-01T09:05:47","modified_gmt":"2022-12-01T09:05:47","slug":"politika-e-privatesise","status":"publish","type":"page","link":"https:\/\/arkitekti-im.com\/en\/politika-e-privatesise\/","title":{"rendered":"Privacy Policy"},"content":{"rendered":"<div data-elementor-type=\"wp-page\" data-elementor-id=\"146\" class=\"elementor elementor-146\" data-elementor-post-type=\"page\">\n\t\t\t\t\t\t<section class=\"elementor-section elementor-top-section elementor-element elementor-element-893b4af elementor-section-full_width elementor-section-height-default elementor-section-height-default\" data-id=\"893b4af\" data-element_type=\"section\" data-e-type=\"section\" data-settings=\"{&quot;jet_parallax_layout_list&quot;:[]}\">\n\t\t\t\t\t\t<div class=\"elementor-container elementor-column-gap-default\">\n\t\t\t\t\t<div class=\"elementor-column elementor-col-100 elementor-top-column elementor-element elementor-element-2afd89a9\" data-id=\"2afd89a9\" data-element_type=\"column\" data-e-type=\"column\">\n\t\t\t<div class=\"elementor-widget-wrap elementor-element-populated\">\n\t\t\t\t\t\t<section class=\"elementor-section elementor-inner-section elementor-element elementor-element-718ea63a elementor-section-boxed elementor-section-height-default elementor-section-height-default\" data-id=\"718ea63a\" data-element_type=\"section\" data-e-type=\"section\" data-settings=\"{&quot;jet_parallax_layout_list&quot;:[]}\">\n\t\t\t\t\t\t<div class=\"elementor-container elementor-column-gap-default\">\n\t\t\t\t\t<div class=\"elementor-column elementor-col-100 elementor-inner-column elementor-element elementor-element-fb3e3b2\" data-id=\"fb3e3b2\" data-element_type=\"column\" data-e-type=\"column\">\n\t\t\t<div class=\"elementor-widget-wrap elementor-element-populated\">\n\t\t\t\t\t\t<div class=\"elementor-element elementor-element-2474cae4 elementor-widget elementor-widget-heading\" data-id=\"2474cae4\" data-element_type=\"widget\" data-e-type=\"widget\" data-widget_type=\"heading.default\">\n\t\t\t\t<div class=\"elementor-widget-container\">\n\t\t\t\t\t<h2 class=\"elementor-heading-title elementor-size-default\">Privacy Policy for Arkitekti Im<\/h2>\t\t\t\t<\/div>\n\t\t\t\t<\/div>\n\t\t\t\t<div class=\"elementor-element elementor-element-4d0766ce elementor-widget elementor-widget-text-editor\" data-id=\"4d0766ce\" data-element_type=\"widget\" data-e-type=\"widget\" data-widget_type=\"text-editor.default\">\n\t\t\t\t<div class=\"elementor-widget-container\">\n\t\t\t\t\t\t\t\t\tAt Arkitekti Im, accessible from <a href=\"https:\/\/arkitekti-im.com\/en\/\">https:\/\/arkitekti-im.com\/<\/a>, one of our main priorities is the privacy of our visitors. This Privacy Policy document contains types of information that is collected and recorded by Arkitekti Im and how we use it.\n<br><br>\nIf you have additional questions or require more information about our Privacy Policy, do not hesitate to contact us.\n<br><br>\nThis Privacy Policy applies only to our online activities and is valid for visitors to our website with regards to the information that they shared and\/or collect in Arkitekti Im. This policy is not applicable to any information collected offline or via channels other than this website.\t\t\t\t\t\t\t\t<\/div>\n\t\t\t\t<\/div>\n\t\t\t\t<div class=\"elementor-element elementor-element-3496b99b elementor-widget elementor-widget-heading\" data-id=\"3496b99b\" data-element_type=\"widget\" data-e-type=\"widget\" data-widget_type=\"heading.default\">\n\t\t\t\t<div class=\"elementor-widget-container\">\n\t\t\t\t\t<h3 class=\"elementor-heading-title elementor-size-default\">Consent<\/h3>\t\t\t\t<\/div>\n\t\t\t\t<\/div>\n\t\t\t\t<div class=\"elementor-element elementor-element-542f3f64 elementor-widget elementor-widget-text-editor\" data-id=\"542f3f64\" data-element_type=\"widget\" data-e-type=\"widget\" data-widget_type=\"text-editor.default\">\n\t\t\t\t<div class=\"elementor-widget-container\">\n\t\t\t\t\t\t\t\t\tBy using our website, you hereby consent to our <a href=\"https:\/\/arkitekti-im.com\/en\/privacy-policy\/\">Privacy Policy<\/a> and agree to its terms.\t\t\t\t\t\t\t\t<\/div>\n\t\t\t\t<\/div>\n\t\t\t\t<div class=\"elementor-element elementor-element-f7946c8 elementor-widget elementor-widget-heading\" data-id=\"f7946c8\" data-element_type=\"widget\" data-e-type=\"widget\" data-widget_type=\"heading.default\">\n\t\t\t\t<div class=\"elementor-widget-container\">\n\t\t\t\t\t<h3 class=\"elementor-heading-title elementor-size-default\">Information we collect<\/h3>\t\t\t\t<\/div>\n\t\t\t\t<\/div>\n\t\t\t\t<div class=\"elementor-element elementor-element-164d538a elementor-widget elementor-widget-text-editor\" data-id=\"164d538a\" data-element_type=\"widget\" data-e-type=\"widget\" data-widget_type=\"text-editor.default\">\n\t\t\t\t<div class=\"elementor-widget-container\">\n\t\t\t\t\t\t\t\t\tThe personal information that you are asked to provide, and the reasons why you are asked to provide it, will be made clear to you at the point we ask you to provide your personal information.\n<br><br>\nIf you contact us directly, we may receive additional information about you such as your name, email address, phone number, the contents of the message and\/or attachments you may send us, and any other information you may choose to provide.\n<br><br>\nWhen you register for an Account, we may ask for your contact information, including items such as name, company name, address, email address, and telephone number.\t\t\t\t\t\t\t\t<\/div>\n\t\t\t\t<\/div>\n\t\t\t\t<div class=\"elementor-element elementor-element-1e036485 elementor-widget elementor-widget-heading\" data-id=\"1e036485\" data-element_type=\"widget\" data-e-type=\"widget\" data-widget_type=\"heading.default\">\n\t\t\t\t<div class=\"elementor-widget-container\">\n\t\t\t\t\t<h2 class=\"elementor-heading-title elementor-size-default\">How we use your information<\/h2>\t\t\t\t<\/div>\n\t\t\t\t<\/div>\n\t\t\t\t<div class=\"elementor-element elementor-element-6c202006 elementor-widget elementor-widget-text-editor\" data-id=\"6c202006\" data-element_type=\"widget\" data-e-type=\"widget\" data-widget_type=\"text-editor.default\">\n\t\t\t\t<div class=\"elementor-widget-container\">\n\t\t\t\t\t\t\t\t\tWe use the information we collect in various ways, including to:<br>\n<ul>\n  <li>Provide, operate, and maintain our website<\/li>\n  <li>Improve, personalize, and expand our website<\/li>\n  <li>Understand and analyze how you use our website<\/li>\n  <li>Develop new products, services, features, and functionality<\/li>\n  <li>Communicate with you, either directly or through one of our partners, including for customer service, to provide you with updates and other information relating to the website, and for marketing and promotional purposes<\/li>\n  <li>Send you emails<\/li>\n  <li>Find and prevent fraud<\/li>\n<\/ul>\t\t\t\t\t\t\t\t<\/div>\n\t\t\t\t<\/div>\n\t\t\t\t<div class=\"elementor-element elementor-element-46f9bccd elementor-widget elementor-widget-heading\" data-id=\"46f9bccd\" data-element_type=\"widget\" data-e-type=\"widget\" data-widget_type=\"heading.default\">\n\t\t\t\t<div class=\"elementor-widget-container\">\n\t\t\t\t\t<h2 class=\"elementor-heading-title elementor-size-default\">Log Files<\/h2>\t\t\t\t<\/div>\n\t\t\t\t<\/div>\n\t\t\t\t<div class=\"elementor-element elementor-element-4bedde86 elementor-widget elementor-widget-text-editor\" data-id=\"4bedde86\" data-element_type=\"widget\" data-e-type=\"widget\" data-widget_type=\"text-editor.default\">\n\t\t\t\t<div class=\"elementor-widget-container\">\n\t\t\t\t\t\t\t\t\tArkitekti Im follows a standard procedure of using log files. These files log visitors when they visit websites. All hosting companies do this and a part of hosting services' analytics. The information collected by log files include internet protocol (IP) addresses, browser type, Internet Service Provider (ISP), date and time stamp, referring\/exit pages, and possibly the number of clicks. These are not linked to any information that is personally identifiable. The purpose of the information is for analyzing trends, administering the site, tracking users' movement on the website, and gathering demographic information.\t\t\t\t\t\t\t\t<\/div>\n\t\t\t\t<\/div>\n\t\t\t\t<div class=\"elementor-element elementor-element-6a77396c elementor-widget elementor-widget-heading\" data-id=\"6a77396c\" data-element_type=\"widget\" data-e-type=\"widget\" data-widget_type=\"heading.default\">\n\t\t\t\t<div class=\"elementor-widget-container\">\n\t\t\t\t\t<h2 class=\"elementor-heading-title elementor-size-default\">Cookies and Web Beacons <\/h2>\t\t\t\t<\/div>\n\t\t\t\t<\/div>\n\t\t\t\t<div class=\"elementor-element elementor-element-4e814fb6 elementor-widget elementor-widget-text-editor\" data-id=\"4e814fb6\" data-element_type=\"widget\" data-e-type=\"widget\" data-widget_type=\"text-editor.default\">\n\t\t\t\t<div class=\"elementor-widget-container\">\n\t\t\t\t\t\t\t\t\tLike any other website, Arkitekti Im uses &#8216;cookies&#8217;. These cookies are used to store information including visitors&#8217; preferences, and the pages on the website that the visitor accessed or visited. The information is used to optimize the users&#8217; experience by customizing our web page content based on visitors&#8217; browser type and\/or other information.\t\t\t\t\t\t\t\t<\/div>\n\t\t\t\t<\/div>\n\t\t\t\t<div class=\"elementor-element elementor-element-70a8ad41 elementor-widget elementor-widget-heading\" data-id=\"70a8ad41\" data-element_type=\"widget\" data-e-type=\"widget\" data-widget_type=\"heading.default\">\n\t\t\t\t<div class=\"elementor-widget-container\">\n\t\t\t\t\t<h2 class=\"elementor-heading-title elementor-size-default\">Advertising Partners Privacy Policies<\/h2>\t\t\t\t<\/div>\n\t\t\t\t<\/div>\n\t\t\t\t<div class=\"elementor-element elementor-element-61598a87 elementor-widget elementor-widget-text-editor\" data-id=\"61598a87\" data-element_type=\"widget\" data-e-type=\"widget\" data-widget_type=\"text-editor.default\">\n\t\t\t\t<div class=\"elementor-widget-container\">\n\t\t\t\t\t\t\t\t\tYou may consult this list to find the Privacy Policy for each of the advertising partners of Arkitekti Im.\n<br><br>\nThird-party ad servers or ad networks uses technologies like cookies, JavaScript, or Web Beacons that are used in their respective advertisements and links that appear on Arkitekti Im, which are sent directly to users' browser. They automatically receive your IP address when this occurs. These technologies are used to measure the effectiveness of their advertising campaigns and\/or to personalize the advertising content that you see on websites that you visit.\n<br><br>\nNote that Arkitekti Im has no access to or control over these cookies that are used by third-party advertisers.\t\t\t\t\t\t\t\t<\/div>\n\t\t\t\t<\/div>\n\t\t\t\t<div class=\"elementor-element elementor-element-32814b0c elementor-widget elementor-widget-heading\" data-id=\"32814b0c\" data-element_type=\"widget\" data-e-type=\"widget\" data-widget_type=\"heading.default\">\n\t\t\t\t<div class=\"elementor-widget-container\">\n\t\t\t\t\t<h2 class=\"elementor-heading-title elementor-size-default\">Third Party Privacy Policies<\/h2>\t\t\t\t<\/div>\n\t\t\t\t<\/div>\n\t\t\t\t<div class=\"elementor-element elementor-element-1413d941 elementor-widget elementor-widget-text-editor\" data-id=\"1413d941\" data-element_type=\"widget\" data-e-type=\"widget\" data-widget_type=\"text-editor.default\">\n\t\t\t\t<div class=\"elementor-widget-container\">\n\t\t\t\t\t\t\t\t\tArkitekti Im's Privacy Policy does not apply to other advertisers or websites. Thus, we are advising you to consult the respective Privacy Policies of these third-party ad servers for more detailed information. It may include their practices and instructions about how to opt-out of certain options.\n<br> <br>\nYou can choose to disable cookies through your individual browser options. To know more detailed information about cookie management with specific web browsers, it can be found at the browsers' respective websites.\t\t\t\t\t\t\t\t<\/div>\n\t\t\t\t<\/div>\n\t\t\t\t<div class=\"elementor-element elementor-element-73f58fcd elementor-widget elementor-widget-heading\" data-id=\"73f58fcd\" data-element_type=\"widget\" data-e-type=\"widget\" data-widget_type=\"heading.default\">\n\t\t\t\t<div class=\"elementor-widget-container\">\n\t\t\t\t\t<h2 class=\"elementor-heading-title elementor-size-default\">CCPA Privacy Rights (Do Not Sell My Personal Information)<\/h2>\t\t\t\t<\/div>\n\t\t\t\t<\/div>\n\t\t\t\t<div class=\"elementor-element elementor-element-6f2b0f7b elementor-widget elementor-widget-text-editor\" data-id=\"6f2b0f7b\" data-element_type=\"widget\" data-e-type=\"widget\" data-widget_type=\"text-editor.default\">\n\t\t\t\t<div class=\"elementor-widget-container\">\n\t\t\t\t\t\t\t\t\tUnder the CCPA, among other rights, California consumers have the right to:\n<br><br>\nRequest that a business that collects a consumer's personal data disclose the categories and specific pieces of personal data that a business has collected about consumers.\n<br><br>\nRequest that a business delete any personal data about the consumer that a business has collected.\n<br><br>\nRequest that a business that sells a consumer's personal data, not sell the consumer's personal data.\n<br><br>\nIf you make a request, we have one month to respond to you. If you would like to exercise any of these rights, please contact us.\t\t\t\t\t\t\t\t<\/div>\n\t\t\t\t<\/div>\n\t\t\t\t<div class=\"elementor-element elementor-element-6b840758 elementor-widget elementor-widget-heading\" data-id=\"6b840758\" data-element_type=\"widget\" data-e-type=\"widget\" data-widget_type=\"heading.default\">\n\t\t\t\t<div class=\"elementor-widget-container\">\n\t\t\t\t\t<h2 class=\"elementor-heading-title elementor-size-default\">GDPR Data Protection Rights<\/h2>\t\t\t\t<\/div>\n\t\t\t\t<\/div>\n\t\t\t\t<div class=\"elementor-element elementor-element-72fb62a5 elementor-widget elementor-widget-text-editor\" data-id=\"72fb62a5\" data-element_type=\"widget\" data-e-type=\"widget\" data-widget_type=\"text-editor.default\">\n\t\t\t\t<div class=\"elementor-widget-container\">\n\t\t\t\t\t\t\t\t\tWe would like to make sure you are fully aware of all of your data protection rights. Every user is entitled to the following:\n<br><br>\nThe right to access \u2013 You have the right to request copies of your personal data. We may charge you a small fee for this service.\n<br><br>\nThe right to rectification \u2013 You have the right to request that we correct any information you believe is inaccurate. You also have the right to request that we complete the information you believe is incomplete.\n<br><br>\nThe right to erasure \u2013 You have the right to request that we erase your personal data, under certain conditions.\n<br><br>\nThe right to restrict processing \u2013 You have the right to request that we restrict the processing of your personal data, under certain conditions.\n<br><br>\nThe right to object to processing \u2013 You have the right to object to our processing of your personal data, under certain conditions.\n<br><br>\nThe right to data portability \u2013 You have the right to request that we transfer the data that we have collected to another organization, or directly to you, under certain conditions.\n<br><br>\nIf you make a request, we have one month to respond to you. If you would like to exercise any of these rights, please contact us.\t\t\t\t\t\t\t\t<\/div>\n\t\t\t\t<\/div>\n\t\t\t\t<div class=\"elementor-element elementor-element-f8a7442 elementor-widget elementor-widget-heading\" data-id=\"f8a7442\" data-element_type=\"widget\" data-e-type=\"widget\" data-widget_type=\"heading.default\">\n\t\t\t\t<div class=\"elementor-widget-container\">\n\t\t\t\t\t<h2 class=\"elementor-heading-title elementor-size-default\">Children's Information<\/h2>\t\t\t\t<\/div>\n\t\t\t\t<\/div>\n\t\t\t\t<div class=\"elementor-element elementor-element-2d27a4fc elementor-widget elementor-widget-text-editor\" data-id=\"2d27a4fc\" data-element_type=\"widget\" data-e-type=\"widget\" data-widget_type=\"text-editor.default\">\n\t\t\t\t<div class=\"elementor-widget-container\">\n\t\t\t\t\t\t\t\t\tAnother part of our priority is adding protection for children while using the internet. We encourage parents and guardians to observe, participate in, and\/or monitor and guide their online activity.\n<br><br>\nArkitekti Im does not knowingly collect any Personal Identifiable Information from children under the age of 13. If you think that your child provided this kind of information on our website, we strongly encourage you to contact us immediately and we will do our best efforts to promptly remove such information from our records.\t\t\t\t\t\t\t\t<\/div>\n\t\t\t\t<\/div>\n\t\t\t\t\t<\/div>\n\t\t<\/div>\n\t\t\t\t\t<\/div>\n\t\t<\/section>\n\t\t\t\t\t<\/div>\n\t\t<\/div>\n\t\t\t\t\t<\/div>\n\t\t<\/section>\n\t\t\t\t<\/div>","protected":false},"excerpt":{"rendered":"<p>Politika e Privat\u00ebsis\u00eb p\u00ebr Arkitekti Im N\u00eb Arkitekti Im, i aksesuesh\u00ebm nga https:\/\/arkitekti-im.com\/, nj\u00eb nga prioritetet tona kryesore \u00ebsht\u00eb privat\u00ebsia e vizitor\u00ebve tan\u00eb. Ky dokument i Politik\u00ebs s\u00eb Privat\u00ebsis\u00eb p\u00ebrmban lloje t\u00eb informacionit q\u00eb mblidhet dhe regjistrohet nga Arkitekti Im dhe se si ne i p\u00ebrdorim ato. N\u00ebse keni pyetje shtes\u00eb ose k\u00ebrkoni m\u00eb shum\u00eb &hellip;<\/p>\n<p class=\"read-more\"> <a class=\"\" href=\"https:\/\/arkitekti-im.com\/en\/politika-e-privatesise\/\"> <span class=\"screen-reader-text\">Privacy Policy<\/span> Read More &raquo;<\/a><\/p>","protected":false},"author":1,"featured_media":0,"parent":0,"menu_order":0,"comment_status":"closed","ping_status":"closed","template":"","meta":{"site-sidebar-layout":"no-sidebar","site-content-layout":"page-builder","ast-global-header-display":"","ast-main-header-display":"","ast-hfb-above-header-display":"","ast-hfb-below-header-display":"","ast-hfb-mobile-header-display":"","site-post-title":"disabled","ast-breadcrumbs-content":"","ast-featured-img":"disabled","footer-sml-layout":"","theme-transparent-header-meta":"","adv-header-id-meta":"","stick-header-meta":"","header-above-stick-meta":"","header-main-stick-meta":"","header-below-stick-meta":"","_jet_sm_ready_style":"","_jet_sm_style":"","_jet_sm_controls_values":"","_jet_sm_fonts_collection":"","_jet_sm_fonts_links":"","footnotes":""},"class_list":["post-146","page","type-page","status-publish","hentry"],"_links":{"self":[{"href":"https:\/\/arkitekti-im.com\/en\/wp-json\/wp\/v2\/pages\/146","targetHints":{"allow":["GET"]}}],"collection":[{"href":"https:\/\/arkitekti-im.com\/en\/wp-json\/wp\/v2\/pages"}],"about":[{"href":"https:\/\/arkitekti-im.com\/en\/wp-json\/wp\/v2\/types\/page"}],"author":[{"embeddable":true,"href":"https:\/\/arkitekti-im.com\/en\/wp-json\/wp\/v2\/users\/1"}],"replies":[{"embeddable":true,"href":"https:\/\/arkitekti-im.com\/en\/wp-json\/wp\/v2\/comments?post=146"}],"version-history":[{"count":0,"href":"https:\/\/arkitekti-im.com\/en\/wp-json\/wp\/v2\/pages\/146\/revisions"}],"wp:attachment":[{"href":"https:\/\/arkitekti-im.com\/en\/wp-json\/wp\/v2\/media?parent=146"}],"curies":[{"name":"wp","href":"https:\/\/api.w.org\/{rel}","templated":true}]}}