{"id":131,"date":"2022-11-24T11:46:27","date_gmt":"2022-11-24T11:46:27","guid":{"rendered":"https:\/\/arkitekti-im.com\/?page_id=131"},"modified":"2022-12-01T09:05:27","modified_gmt":"2022-12-01T09:05:27","slug":"termat-dhe-kushtet","status":"publish","type":"page","link":"https:\/\/arkitekti-im.com\/en\/termat-dhe-kushtet\/","title":{"rendered":"Terms and Conditions"},"content":{"rendered":"<div data-elementor-type=\"wp-page\" data-elementor-id=\"131\" class=\"elementor elementor-131\" data-elementor-post-type=\"page\">\n\t\t\t\t\t\t<section class=\"elementor-section elementor-top-section elementor-element elementor-element-58ccfc13 elementor-section-full_width elementor-section-height-default elementor-section-height-default\" data-id=\"58ccfc13\" data-element_type=\"section\" data-e-type=\"section\" data-settings=\"{&quot;jet_parallax_layout_list&quot;:[]}\">\n\t\t\t\t\t\t<div class=\"elementor-container elementor-column-gap-default\">\n\t\t\t\t\t<div class=\"elementor-column elementor-col-100 elementor-top-column elementor-element elementor-element-431e1cba\" data-id=\"431e1cba\" data-element_type=\"column\" data-e-type=\"column\">\n\t\t\t<div class=\"elementor-widget-wrap elementor-element-populated\">\n\t\t\t\t\t\t<section class=\"elementor-section elementor-inner-section elementor-element elementor-element-7ec92138 elementor-section-boxed elementor-section-height-default elementor-section-height-default\" data-id=\"7ec92138\" data-element_type=\"section\" data-e-type=\"section\" data-settings=\"{&quot;jet_parallax_layout_list&quot;:[]}\">\n\t\t\t\t\t\t<div class=\"elementor-container elementor-column-gap-default\">\n\t\t\t\t\t<div class=\"elementor-column elementor-col-100 elementor-inner-column elementor-element elementor-element-5f016773\" data-id=\"5f016773\" data-element_type=\"column\" data-e-type=\"column\">\n\t\t\t<div class=\"elementor-widget-wrap elementor-element-populated\">\n\t\t\t\t\t\t<div class=\"elementor-element elementor-element-24a1e56d elementor-widget elementor-widget-heading\" data-id=\"24a1e56d\" data-element_type=\"widget\" data-e-type=\"widget\" data-widget_type=\"heading.default\">\n\t\t\t\t<div class=\"elementor-widget-container\">\n\t\t\t\t\t<h2 class=\"elementor-heading-title elementor-size-default\">Terms and Conditions for Arkitekti Im<\/h2>\t\t\t\t<\/div>\n\t\t\t\t<\/div>\n\t\t\t\t<div class=\"elementor-element elementor-element-4233877f elementor-widget elementor-widget-text-editor\" data-id=\"4233877f\" data-element_type=\"widget\" data-e-type=\"widget\" data-widget_type=\"text-editor.default\">\n\t\t\t\t<div class=\"elementor-widget-container\">\n\t\t\t\t\t\t\t\t\tWelcome to Arkitekti Im!\n<br><br>\nThese terms and conditions outline the rules and regulations for the use of Arkitekti Im's Website, located at <a href=\"https:\/\/arkitekti-im.com\/en\/\"> https:\/\/arkitekti-im.com\/<\/a> .\n<br><br>\nBy accessing this website we assume you accept these terms and conditions. Do not continue to use Arkitekti Im if you do not agree to take all of the terms and conditions stated on this page.\n<br><br>\nThe following terminology applies to these Terms and Conditions, Privacy Statement and Disclaimer Notice and all Agreements: \"Client\", \"You\" and \"Your\" refers to you, the person log on this website and compliant to the Company\u2019s terms and conditions. \"The Company\", \"Ourselves\", \"We\", \"Our\" and \"Us\", refers to our Company. \"Party\", \"Parties\", or \"Us\", refers to both the Client and ourselves. All terms refer to the offer, acceptance and consideration of payment necessary to undertake the process of our assistance to the Client in the most appropriate manner for the express purpose of meeting the Client\u2019s needs in respect of provision of the Company\u2019s stated services, in accordance with and subject to, prevailing law of Netherlands. Any use of the above terminology or other words in the singular, plural, capitalization and\/or he\/she or they, are taken as interchangeable and therefore as referring to same.\t\t\t\t\t\t\t\t<\/div>\n\t\t\t\t<\/div>\n\t\t\t\t<div class=\"elementor-element elementor-element-63f6ce1a elementor-widget elementor-widget-heading\" data-id=\"63f6ce1a\" data-element_type=\"widget\" data-e-type=\"widget\" data-widget_type=\"heading.default\">\n\t\t\t\t<div class=\"elementor-widget-container\">\n\t\t\t\t\t<h3 class=\"elementor-heading-title elementor-size-default\">Cookies<\/h3>\t\t\t\t<\/div>\n\t\t\t\t<\/div>\n\t\t\t\t<div class=\"elementor-element elementor-element-55d08b0d elementor-widget elementor-widget-text-editor\" data-id=\"55d08b0d\" data-element_type=\"widget\" data-e-type=\"widget\" data-widget_type=\"text-editor.default\">\n\t\t\t\t<div class=\"elementor-widget-container\">\n\t\t\t\t\t\t\t\t\tWe employ the use of cookies. By accessing Arkitekti Im, you agreed to use cookies in agreement with the Arkitekti Im's Privacy Policy.\n<br><br>\nMost interactive websites use cookies to let us retrieve the user\u2019s details for each visit. Cookies are used by our website to enable the functionality of certain areas to make it easier for people visiting our website. Some of our affiliate\/advertising partners may also use cookies.\t\t\t\t\t\t\t\t<\/div>\n\t\t\t\t<\/div>\n\t\t\t\t<div class=\"elementor-element elementor-element-160dbbea elementor-widget elementor-widget-heading\" data-id=\"160dbbea\" data-element_type=\"widget\" data-e-type=\"widget\" data-widget_type=\"heading.default\">\n\t\t\t\t<div class=\"elementor-widget-container\">\n\t\t\t\t\t<h3 class=\"elementor-heading-title elementor-size-default\">License<\/h3>\t\t\t\t<\/div>\n\t\t\t\t<\/div>\n\t\t\t\t<div class=\"elementor-element elementor-element-311b4619 elementor-widget elementor-widget-text-editor\" data-id=\"311b4619\" data-element_type=\"widget\" data-e-type=\"widget\" data-widget_type=\"text-editor.default\">\n\t\t\t\t<div class=\"elementor-widget-container\">\n\t\t\t\t\t\t\t\t\tUnless otherwise stated, Arkitekti Im and\/or its licensors own the intellectual property rights for all material on Arkitekti Im. All intellectual property rights are reserved. You may access this from Arkitekti Im for your own personal use subjected to restrictions set in these terms and conditions. You must not:\n<ul>\n \t<li>Republish material from Arkitekti Im<\/li>\n \t<li>Sell, rent or sub-license material from Arkitekti Im<\/li>\n \t<li>Reproduce, duplicate or copy material from Arkitekti Im<\/li>\n \t<li>Redistribute content from Arkitekti Im<\/li>\n<\/ul>\nThis Agreement shall begin on the date hereof. Parts of this website offer an opportunity for users to post and exchange opinions and information in certain areas of the website. Arkitekti Im does not filter, edit, publish or review Comments prior to their presence on the website. Comments do not reflect the views and opinions of Arkitekti Im,its agents and\/or affiliates. Comments reflect the views and opinions of the person who post their views and opinions. To the extent permitted by applicable laws, Arkitekti Im shall not be liable for the Comments or for any liability, damages or expenses caused and\/or suffered as a result of any use of and\/or posting of and\/or appearance of the Comments on this website.\n\nArkitekti Im reserves the right to monitor all Comments and to remove any Comments which can be considered inappropriate, offensive or causes breach of these Terms and Conditions.\n<br><br>\nYou warrant and represent that:\n<ul>\n \t<li>You are entitled to post the Comments on our website and have all necessary licenses and consents to do so;<\/li>\n \t<li>The Comments do not invade any intellectual property right, including without limitation copyright, patent or trademark of any third party;<\/li>\n \t<li>The Comments do not contain any defamatory, libelous, offensive, indecent or otherwise unlawful material which is an invasion of privacy<\/li>\n \t<li>The Comments will not be used to solicit or promote business or custom or present commercial activities or unlawful activity.<\/li>\n<\/ul>\nYou hereby grant Arkitekti Im a non-exclusive license to use, reproduce, edit and authorize others to use, reproduce and edit any of your Comments in any and all forms, formats or media.\t\t\t\t\t\t\t\t<\/div>\n\t\t\t\t<\/div>\n\t\t\t\t<div class=\"elementor-element elementor-element-16b92bcf elementor-widget elementor-widget-heading\" data-id=\"16b92bcf\" data-element_type=\"widget\" data-e-type=\"widget\" data-widget_type=\"heading.default\">\n\t\t\t\t<div class=\"elementor-widget-container\">\n\t\t\t\t\t<h2 class=\"elementor-heading-title elementor-size-default\">Hyperlinking to our Content<\/h2>\t\t\t\t<\/div>\n\t\t\t\t<\/div>\n\t\t\t\t<div class=\"elementor-element elementor-element-566990ec elementor-widget elementor-widget-text-editor\" data-id=\"566990ec\" data-element_type=\"widget\" data-e-type=\"widget\" data-widget_type=\"text-editor.default\">\n\t\t\t\t<div class=\"elementor-widget-container\">\n\t\t\t\t\t\t\t\t\tThe following organizations may link to our Website without prior written approval:\n<ul>\n <li>Government agencies;<\/li>\n <li>Search engines;<\/li>\n <li>News organizations;<\/li>\n <li>Online directory distributors may link to our Website in the same manner as they hyperlink to the Websites of other listed businesses; and<\/li>\n <li>System wide Accredited Businesses except soliciting non-profit organizations, charity shopping malls, and charity fundraising groups which may not hyperlink to our Web site.<\/li>\n<\/ul> <br>\nThese organizations may link to our home page, to publications or to other Website information so long as the link: (a) is not in any way deceptive; (b) does not falsely imply sponsorship, endorsement or approval of the linking party and its products and\/or services; and (c) fits within the context of the linking party\u2019s site. We may consider and approve other link requests from the following types of organizations:\n<ul>\n <li>commonly-known consumer and\/or business information sources;<\/li>\n <li>dot.com community sites;<\/li>\n <li>associations or other groups representing charities;<\/li>\n <li>associations or other groups representing charities;<\/li>\n <li>online directory distributors;<\/li>\n <li>accounting, law and consulting firms; and<\/li>\n <li>educational institutions and trade associations.<\/li>\n<\/ul>\nWe will approve link requests from these organizations if we decide that: (a) the link would not make us look unfavorably to ourselves or to our accredited businesses; (b) the organization does not have any negative records with us; (c) the benefit to us from the visibility of the hyperlink compensates the absence of Arkitekti Im; and (d) the link is in the context of general resource information.\n\nThese organizations may link to our home page so long as the link: (a) is not in any way deceptive; (b) does not falsely imply sponsorship, endorsement or approval of the linking party and its products or services; and (c) fits within the context of the linking party\u2019s site.\n\nIf you are one of the organizations listed in paragraph 2 above and are interested in linking to our website, you must inform us by sending an e-mail to Arkitekti Im. Please include your name, your organization name, contact information as well as the URL of your site, a list of any URLs from which you intend to link to our Website, and a list of the URLs on our site to which you would like to link. Wait 2-3 weeks for a response.\n\nApproved organizations may hyperlink to our Website as follows:\n<ul>\n <li>By use of our corporate name; or<\/li>\n <li>By use of the uniform resource locator being linked to; or<\/li>\n <li>By use of any other description of our Website being linked to that makes sense within the context and format of content on the linking party\u2019s site.<\/li>\n<\/ul>\nNo use of Arkitekti Im's logo or other artwork will be allowed for linking absent a trademark license agreement.\t\t\t\t\t\t\t\t<\/div>\n\t\t\t\t<\/div>\n\t\t\t\t<div class=\"elementor-element elementor-element-43c174d4 elementor-widget elementor-widget-heading\" data-id=\"43c174d4\" data-element_type=\"widget\" data-e-type=\"widget\" data-widget_type=\"heading.default\">\n\t\t\t\t<div class=\"elementor-widget-container\">\n\t\t\t\t\t<h2 class=\"elementor-heading-title elementor-size-default\">iFrames<\/h2>\t\t\t\t<\/div>\n\t\t\t\t<\/div>\n\t\t\t\t<div class=\"elementor-element elementor-element-1744dbe0 elementor-widget elementor-widget-text-editor\" data-id=\"1744dbe0\" data-element_type=\"widget\" data-e-type=\"widget\" data-widget_type=\"text-editor.default\">\n\t\t\t\t<div class=\"elementor-widget-container\">\n\t\t\t\t\t\t\t\t\tWithout prior approval and written permission, you may not create frames around our Webpages that alter in any way the visual presentation or appearance of our Website.\t\t\t\t\t\t\t\t<\/div>\n\t\t\t\t<\/div>\n\t\t\t\t<div class=\"elementor-element elementor-element-60134ec9 elementor-widget elementor-widget-heading\" data-id=\"60134ec9\" data-element_type=\"widget\" data-e-type=\"widget\" data-widget_type=\"heading.default\">\n\t\t\t\t<div class=\"elementor-widget-container\">\n\t\t\t\t\t<h2 class=\"elementor-heading-title elementor-size-default\">Content Liability<\/h2>\t\t\t\t<\/div>\n\t\t\t\t<\/div>\n\t\t\t\t<div class=\"elementor-element elementor-element-19ceda6b elementor-widget elementor-widget-text-editor\" data-id=\"19ceda6b\" data-element_type=\"widget\" data-e-type=\"widget\" data-widget_type=\"text-editor.default\">\n\t\t\t\t<div class=\"elementor-widget-container\">\n\t\t\t\t\t\t\t\t\tWe shall not be hold responsible for any content that appears on your Website. You agree to protect and defend us against all claims that is rising on your Website. No link(s) should appear on any Website that may be interpreted as libelous, obscene or criminal, or which infringes, otherwise violates, or advocates the infringement or other violation of, any third party rights.\t\t\t\t\t\t\t\t<\/div>\n\t\t\t\t<\/div>\n\t\t\t\t<div class=\"elementor-element elementor-element-1d6ccc8a elementor-widget elementor-widget-heading\" data-id=\"1d6ccc8a\" data-element_type=\"widget\" data-e-type=\"widget\" data-widget_type=\"heading.default\">\n\t\t\t\t<div class=\"elementor-widget-container\">\n\t\t\t\t\t<h2 class=\"elementor-heading-title elementor-size-default\">Your Privacy<\/h2>\t\t\t\t<\/div>\n\t\t\t\t<\/div>\n\t\t\t\t<div class=\"elementor-element elementor-element-28d8c61 elementor-widget elementor-widget-text-editor\" data-id=\"28d8c61\" data-element_type=\"widget\" data-e-type=\"widget\" data-widget_type=\"text-editor.default\">\n\t\t\t\t<div class=\"elementor-widget-container\">\n\t\t\t\t\t\t\t\t\tPlease read <a href=\"https:\/\/arkitekti-im.com\/en\/privacy-policy\/\">Privacy Policy<\/a>.\t\t\t\t\t\t\t\t<\/div>\n\t\t\t\t<\/div>\n\t\t\t\t<div class=\"elementor-element elementor-element-77046aaf elementor-widget elementor-widget-heading\" data-id=\"77046aaf\" data-element_type=\"widget\" data-e-type=\"widget\" data-widget_type=\"heading.default\">\n\t\t\t\t<div class=\"elementor-widget-container\">\n\t\t\t\t\t<h2 class=\"elementor-heading-title elementor-size-default\">Reservation of Rights<\/h2>\t\t\t\t<\/div>\n\t\t\t\t<\/div>\n\t\t\t\t<div class=\"elementor-element elementor-element-3c23ad72 elementor-widget elementor-widget-text-editor\" data-id=\"3c23ad72\" data-element_type=\"widget\" data-e-type=\"widget\" data-widget_type=\"text-editor.default\">\n\t\t\t\t<div class=\"elementor-widget-container\">\n\t\t\t\t\t\t\t\t\tWe reserve the right to request that you remove all links or any particular link to our Website. You approve to immediately remove all links to our Website upon request. We also reserve the right to amen these terms and conditions and it\u2019s linking policy at any time. By continuously linking to our Website, you agree to be bound to and follow these linking terms and conditions.\t\t\t\t\t\t\t\t<\/div>\n\t\t\t\t<\/div>\n\t\t\t\t<div class=\"elementor-element elementor-element-5fa7f828 elementor-widget elementor-widget-heading\" data-id=\"5fa7f828\" data-element_type=\"widget\" data-e-type=\"widget\" data-widget_type=\"heading.default\">\n\t\t\t\t<div class=\"elementor-widget-container\">\n\t\t\t\t\t<h2 class=\"elementor-heading-title elementor-size-default\">Removal of links from our website<\/h2>\t\t\t\t<\/div>\n\t\t\t\t<\/div>\n\t\t\t\t<div class=\"elementor-element elementor-element-5765071d elementor-widget elementor-widget-text-editor\" data-id=\"5765071d\" data-element_type=\"widget\" data-e-type=\"widget\" data-widget_type=\"text-editor.default\">\n\t\t\t\t<div class=\"elementor-widget-container\">\n\t\t\t\t\t\t\t\t\tIf you find any link on our Website that is offensive for any reason, you are free to contact and inform us any moment. We will consider requests to remove links but we are not obligated to or so or to respond to you directly.\n<br> <br>\nWe do not ensure that the information on this website is correct, we do not warrant its completeness or accuracy; nor do we promise to ensure that the website remains available or that the material on the website is kept up to date.\t\t\t\t\t\t\t\t<\/div>\n\t\t\t\t<\/div>\n\t\t\t\t<div class=\"elementor-element elementor-element-140be862 elementor-widget elementor-widget-heading\" data-id=\"140be862\" data-element_type=\"widget\" data-e-type=\"widget\" data-widget_type=\"heading.default\">\n\t\t\t\t<div class=\"elementor-widget-container\">\n\t\t\t\t\t<h2 class=\"elementor-heading-title elementor-size-default\">Disclaimer<\/h2>\t\t\t\t<\/div>\n\t\t\t\t<\/div>\n\t\t\t\t<div class=\"elementor-element elementor-element-64984496 elementor-widget elementor-widget-text-editor\" data-id=\"64984496\" data-element_type=\"widget\" data-e-type=\"widget\" data-widget_type=\"text-editor.default\">\n\t\t\t\t<div class=\"elementor-widget-container\">\n\t\t\t\t\t\t\t\t\tTo the maximum extent permitted by applicable law, we exclude all representations, warranties and conditions relating to our website and the use of this website. Nothing in this disclaimer will:\n<ul>\n <li>limit or exclude our or your liability for death or personal injury;<\/li>\n <li>limit or exclude our or your liability for fraud or fraudulent misrepresentation;<\/li>\n <li>limit any of our or your liabilities in any way that is not permitted under applicable law; or<\/li>\n <li>exclude any of our or your liabilities that may not be excluded under applicable law.<\/li>\n<\/ul>\nThe limitations and prohibitions of liability set in this Section and elsewhere in this disclaimer: (a) are subject to the preceding paragraph; and (b) govern all liabilities arising under the disclaimer, including liabilities arising in contract, in tort and for breach of statutory duty.\n\nAs long as the website and the information and services on the website are provided free of charge, we will not be liable for any loss or damage of any nature.\t\t\t\t\t\t\t\t<\/div>\n\t\t\t\t<\/div>\n\t\t\t\t\t<\/div>\n\t\t<\/div>\n\t\t\t\t\t<\/div>\n\t\t<\/section>\n\t\t\t\t\t<\/div>\n\t\t<\/div>\n\t\t\t\t\t<\/div>\n\t\t<\/section>\n\t\t\t\t<\/div>","protected":false},"excerpt":{"rendered":"<p>Termat dhe Kushtet p\u00ebr Arkitekti Im Mir\u00eb se vini n\u00eb Arkitekti Im! K\u00ebto terma dhe kushte p\u00ebrshkruajn\u00eb rregullat dhe rregulloret p\u00ebr p\u00ebrdorimin e faqes s\u00eb internetit t\u00eb Arkitekti Im, e vendosur n\u00eb https:\/\/arkitekti-im.com\/ . Duke hyr\u00eb n\u00eb k\u00ebt\u00eb faqe interneti, ne supozojm\u00eb se ju i pranoni k\u00ebto terma dhe kushte. Mos vazhdoni t\u00eb p\u00ebrdorni Arkitekti &hellip;<\/p>\n<p class=\"read-more\"> <a class=\"\" href=\"https:\/\/arkitekti-im.com\/en\/termat-dhe-kushtet\/\"> <span class=\"screen-reader-text\">Terms and Conditions<\/span> Read More &raquo;<\/a><\/p>","protected":false},"author":1,"featured_media":0,"parent":0,"menu_order":0,"comment_status":"closed","ping_status":"closed","template":"","meta":{"site-sidebar-layout":"no-sidebar","site-content-layout":"page-builder","ast-global-header-display":"","ast-main-header-display":"","ast-hfb-above-header-display":"","ast-hfb-below-header-display":"","ast-hfb-mobile-header-display":"","site-post-title":"disabled","ast-breadcrumbs-content":"","ast-featured-img":"disabled","footer-sml-layout":"","theme-transparent-header-meta":"","adv-header-id-meta":"","stick-header-meta":"","header-above-stick-meta":"","header-main-stick-meta":"","header-below-stick-meta":"","_jet_sm_ready_style":"","_jet_sm_style":"","_jet_sm_controls_values":"","_jet_sm_fonts_collection":"","_jet_sm_fonts_links":"","footnotes":""},"class_list":["post-131","page","type-page","status-publish","hentry"],"_links":{"self":[{"href":"https:\/\/arkitekti-im.com\/en\/wp-json\/wp\/v2\/pages\/131","targetHints":{"allow":["GET"]}}],"collection":[{"href":"https:\/\/arkitekti-im.com\/en\/wp-json\/wp\/v2\/pages"}],"about":[{"href":"https:\/\/arkitekti-im.com\/en\/wp-json\/wp\/v2\/types\/page"}],"author":[{"embeddable":true,"href":"https:\/\/arkitekti-im.com\/en\/wp-json\/wp\/v2\/users\/1"}],"replies":[{"embeddable":true,"href":"https:\/\/arkitekti-im.com\/en\/wp-json\/wp\/v2\/comments?post=131"}],"version-history":[{"count":0,"href":"https:\/\/arkitekti-im.com\/en\/wp-json\/wp\/v2\/pages\/131\/revisions"}],"wp:attachment":[{"href":"https:\/\/arkitekti-im.com\/en\/wp-json\/wp\/v2\/media?parent=131"}],"curies":[{"name":"wp","href":"https:\/\/api.w.org\/{rel}","templated":true}]}}